{"id":5293,"date":"2022-06-23T14:26:21","date_gmt":"2022-06-23T11:26:21","guid":{"rendered":"https:\/\/www.theixiangrand.gr\/?page_id=5293"},"modified":"2025-02-10T16:30:58","modified_gmt":"2025-02-10T14:30:58","slug":"dining","status":"publish","type":"page","link":"https:\/\/www.theixiangrand.gr\/de\/dining\/","title":{"rendered":"Restaurants &amp; Bars"},"content":{"rendered":"\n<p>Im Ixian Grand &amp; All Suites Hotel m\u00f6chten wir Ihnen rund um die Uhr die M\u00f6glichkeit bieten, sich auf die k\u00f6stlichsten kulinarischen Entdeckungsreisen zu begeben. Hier k\u00f6nnen Sie buchst\u00e4blich die Welt verkosten, w\u00e4hrend Sie in unseren vier Restaurants das Beste der griechischen, mediterranen, peruanischen, japanischen und internationalen K\u00fcche probieren. Und wenn Sie sich einfach nur mit Ihrem Lieblingsgetr\u00e4nk in der Hand entspannen m\u00f6chten, sind unsere beiden Bars genau das Richtige f\u00fcr Sie.<\/p>\n","protected":false},"excerpt":{"rendered":"<p>Im Ixian Grand &amp; All Suites Hotel m\u00f6chten wir Ihnen rund um die Uhr die M\u00f6glichkeit bieten, sich auf die k\u00f6stlichsten kulinarischen Entdeckungsreisen zu begeben. Hier k\u00f6nnen Sie buchst\u00e4blich die Welt verkosten, w\u00e4hrend Sie in unseren vier Restaurants das Beste der griechischen, mediterranen, peruanischen, japanischen und internationalen K\u00fcche probieren. Und wenn Sie sich einfach nur<\/p>\n","protected":false},"author":326,"featured_media":3096,"parent":0,"menu_order":6,"comment_status":"closed","ping_status":"closed","template":"page-templates\/concierge-list.php","meta":{"_acf_changed":false,"footnotes":""},"class_list":["post-5293","page","type-page","status-publish","has-post-thumbnail","hentry"],"acf":[],"yoast_head":"<!-- This site is optimized with the Yoast SEO plugin v27.5 - https:\/\/yoast.com\/product\/yoast-seo-wordpress\/ -->\n<title>Restaurants &amp; Bars - The Ixian Grand<\/title>\n<meta name=\"robots\" content=\"index, follow, max-snippet:-1, max-image-preview:large, max-video-preview:-1\" \/>\n<link rel=\"canonical\" href=\"https:\/\/www.theixiangrand.gr\/de\/dining\/\" \/>\n<meta property=\"og:locale\" content=\"de_DE\" \/>\n<meta property=\"og:type\" content=\"article\" \/>\n<meta property=\"og:title\" content=\"Restaurants &amp; Bars - The Ixian Grand\" \/>\n<meta property=\"og:description\" content=\"Im Ixian Grand &amp; All Suites Hotel m\u00f6chten wir Ihnen rund um die Uhr die M\u00f6glichkeit bieten, sich auf die k\u00f6stlichsten kulinarischen Entdeckungsreisen zu begeben. Hier k\u00f6nnen Sie buchst\u00e4blich die Welt verkosten, w\u00e4hrend Sie in unseren vier Restaurants das Beste der griechischen, mediterranen, peruanischen, japanischen und internationalen K\u00fcche probieren. Und wenn Sie sich einfach nur\" \/>\n<meta property=\"og:url\" content=\"https:\/\/www.theixiangrand.gr\/de\/dining\/\" \/>\n<meta property=\"og:site_name\" content=\"The Ixian Grand\" \/>\n<meta property=\"article:publisher\" content=\"https:\/\/www.facebook.com\/TheIxianGrand.IxianAllSuites\/\" \/>\n<meta property=\"article:modified_time\" content=\"2025-02-10T14:30:58+00:00\" \/>\n<meta property=\"og:image\" content=\"https:\/\/www.theixiangrand.gr\/app\/uploads\/sites\/105\/2022\/07\/ALAZONIA-BREAKFAST1-1.jpg\" \/>\n\t<meta property=\"og:image:width\" content=\"1920\" \/>\n\t<meta property=\"og:image:height\" content=\"1321\" \/>\n\t<meta property=\"og:image:type\" content=\"image\/jpeg\" \/>\n<meta name=\"twitter:card\" content=\"summary_large_image\" \/>\n<meta name=\"twitter:label1\" content=\"Gesch\u00e4tzte Lesezeit\" \/>\n\t<meta name=\"twitter:data1\" content=\"1\u00a0Minute\" \/>\n<script type=\"application\/ld+json\" class=\"yoast-schema-graph\">{\"@context\":\"https:\\\/\\\/schema.org\",\"@graph\":[{\"@type\":\"WebPage\",\"@id\":\"https:\\\/\\\/www.theixiangrand.gr\\\/de\\\/dining\\\/\",\"url\":\"https:\\\/\\\/www.theixiangrand.gr\\\/de\\\/dining\\\/\",\"name\":\"Restaurants &amp; Bars - The Ixian Grand\",\"isPartOf\":{\"@id\":\"https:\\\/\\\/www.theixiangrand.gr\\\/de\\\/#website\"},\"primaryImageOfPage\":{\"@id\":\"https:\\\/\\\/www.theixiangrand.gr\\\/de\\\/dining\\\/#primaryimage\"},\"image\":{\"@id\":\"https:\\\/\\\/www.theixiangrand.gr\\\/de\\\/dining\\\/#primaryimage\"},\"thumbnailUrl\":\"https:\\\/\\\/www.theixiangrand.gr\\\/app\\\/uploads\\\/sites\\\/105\\\/2022\\\/07\\\/ALAZONIA-BREAKFAST1-1.jpg\",\"datePublished\":\"2022-06-23T11:26:21+00:00\",\"dateModified\":\"2025-02-10T14:30:58+00:00\",\"breadcrumb\":{\"@id\":\"https:\\\/\\\/www.theixiangrand.gr\\\/de\\\/dining\\\/#breadcrumb\"},\"inLanguage\":\"de\",\"potentialAction\":[{\"@type\":\"ReadAction\",\"target\":[\"https:\\\/\\\/www.theixiangrand.gr\\\/de\\\/dining\\\/\"]}]},{\"@type\":\"ImageObject\",\"inLanguage\":\"de\",\"@id\":\"https:\\\/\\\/www.theixiangrand.gr\\\/de\\\/dining\\\/#primaryimage\",\"url\":\"https:\\\/\\\/www.theixiangrand.gr\\\/app\\\/uploads\\\/sites\\\/105\\\/2022\\\/07\\\/ALAZONIA-BREAKFAST1-1.jpg\",\"contentUrl\":\"https:\\\/\\\/www.theixiangrand.gr\\\/app\\\/uploads\\\/sites\\\/105\\\/2022\\\/07\\\/ALAZONIA-BREAKFAST1-1.jpg\",\"width\":1920,\"height\":1321},{\"@type\":\"BreadcrumbList\",\"@id\":\"https:\\\/\\\/www.theixiangrand.gr\\\/de\\\/dining\\\/#breadcrumb\",\"itemListElement\":[{\"@type\":\"ListItem\",\"position\":1,\"name\":\"Home\",\"item\":\"https:\\\/\\\/www.theixiangrand.gr\\\/de\\\/\"},{\"@type\":\"ListItem\",\"position\":2,\"name\":\"Restaurants &amp; Bars\"}]},{\"@type\":\"WebSite\",\"@id\":\"https:\\\/\\\/www.theixiangrand.gr\\\/de\\\/#website\",\"url\":\"https:\\\/\\\/www.theixiangrand.gr\\\/de\\\/\",\"name\":\"The Ixian Grand\",\"description\":\"Let&#039;s Shape your Ideas...\",\"publisher\":{\"@id\":\"https:\\\/\\\/www.theixiangrand.gr\\\/de\\\/#organization\"},\"potentialAction\":[{\"@type\":\"SearchAction\",\"target\":{\"@type\":\"EntryPoint\",\"urlTemplate\":\"https:\\\/\\\/www.theixiangrand.gr\\\/de\\\/?s={search_term_string}\"},\"query-input\":{\"@type\":\"PropertyValueSpecification\",\"valueRequired\":true,\"valueName\":\"search_term_string\"}}],\"inLanguage\":\"de\"},{\"@type\":\"Organization\",\"@id\":\"https:\\\/\\\/www.theixiangrand.gr\\\/de\\\/#organization\",\"name\":\"The Ixian Grand & All Suites\",\"url\":\"https:\\\/\\\/www.theixiangrand.gr\\\/de\\\/\",\"logo\":{\"@type\":\"ImageObject\",\"inLanguage\":\"de\",\"@id\":\"https:\\\/\\\/www.theixiangrand.gr\\\/de\\\/#\\\/schema\\\/logo\\\/image\\\/\",\"url\":\"https:\\\/\\\/www.theixiangrand.gr\\\/app\\\/uploads\\\/sites\\\/105\\\/2022\\\/09\\\/ms-icon-310x310-1.png\",\"contentUrl\":\"https:\\\/\\\/www.theixiangrand.gr\\\/app\\\/uploads\\\/sites\\\/105\\\/2022\\\/09\\\/ms-icon-310x310-1.png\",\"width\":310,\"height\":310,\"caption\":\"The Ixian Grand & All Suites\"},\"image\":{\"@id\":\"https:\\\/\\\/www.theixiangrand.gr\\\/de\\\/#\\\/schema\\\/logo\\\/image\\\/\"},\"sameAs\":[\"https:\\\/\\\/www.facebook.com\\\/TheIxianGrand.IxianAllSuites\\\/\",\"https:\\\/\\\/www.instagram.com\\\/theixiangrand\\\/\"]}]}<\/script>\n<!-- \/ Yoast SEO plugin. -->","yoast_head_json":{"title":"Restaurants &amp; Bars - The Ixian Grand","robots":{"index":"index","follow":"follow","max-snippet":"max-snippet:-1","max-image-preview":"max-image-preview:large","max-video-preview":"max-video-preview:-1"},"canonical":"https:\/\/www.theixiangrand.gr\/de\/dining\/","og_locale":"de_DE","og_type":"article","og_title":"Restaurants &amp; Bars - The Ixian Grand","og_description":"Im Ixian Grand &amp; All Suites Hotel m\u00f6chten wir Ihnen rund um die Uhr die M\u00f6glichkeit bieten, sich auf die k\u00f6stlichsten kulinarischen Entdeckungsreisen zu begeben. Hier k\u00f6nnen Sie buchst\u00e4blich die Welt verkosten, w\u00e4hrend Sie in unseren vier Restaurants das Beste der griechischen, mediterranen, peruanischen, japanischen und internationalen K\u00fcche probieren. Und wenn Sie sich einfach nur","og_url":"https:\/\/www.theixiangrand.gr\/de\/dining\/","og_site_name":"The Ixian Grand","article_publisher":"https:\/\/www.facebook.com\/TheIxianGrand.IxianAllSuites\/","article_modified_time":"2025-02-10T14:30:58+00:00","og_image":[{"width":1920,"height":1321,"url":"https:\/\/www.theixiangrand.gr\/app\/uploads\/sites\/105\/2022\/07\/ALAZONIA-BREAKFAST1-1.jpg","type":"image\/jpeg"}],"twitter_card":"summary_large_image","twitter_misc":{"Gesch\u00e4tzte Lesezeit":"1\u00a0Minute"},"schema":{"@context":"https:\/\/schema.org","@graph":[{"@type":"WebPage","@id":"https:\/\/www.theixiangrand.gr\/de\/dining\/","url":"https:\/\/www.theixiangrand.gr\/de\/dining\/","name":"Restaurants &amp; Bars - The Ixian Grand","isPartOf":{"@id":"https:\/\/www.theixiangrand.gr\/de\/#website"},"primaryImageOfPage":{"@id":"https:\/\/www.theixiangrand.gr\/de\/dining\/#primaryimage"},"image":{"@id":"https:\/\/www.theixiangrand.gr\/de\/dining\/#primaryimage"},"thumbnailUrl":"https:\/\/www.theixiangrand.gr\/app\/uploads\/sites\/105\/2022\/07\/ALAZONIA-BREAKFAST1-1.jpg","datePublished":"2022-06-23T11:26:21+00:00","dateModified":"2025-02-10T14:30:58+00:00","breadcrumb":{"@id":"https:\/\/www.theixiangrand.gr\/de\/dining\/#breadcrumb"},"inLanguage":"de","potentialAction":[{"@type":"ReadAction","target":["https:\/\/www.theixiangrand.gr\/de\/dining\/"]}]},{"@type":"ImageObject","inLanguage":"de","@id":"https:\/\/www.theixiangrand.gr\/de\/dining\/#primaryimage","url":"https:\/\/www.theixiangrand.gr\/app\/uploads\/sites\/105\/2022\/07\/ALAZONIA-BREAKFAST1-1.jpg","contentUrl":"https:\/\/www.theixiangrand.gr\/app\/uploads\/sites\/105\/2022\/07\/ALAZONIA-BREAKFAST1-1.jpg","width":1920,"height":1321},{"@type":"BreadcrumbList","@id":"https:\/\/www.theixiangrand.gr\/de\/dining\/#breadcrumb","itemListElement":[{"@type":"ListItem","position":1,"name":"Home","item":"https:\/\/www.theixiangrand.gr\/de\/"},{"@type":"ListItem","position":2,"name":"Restaurants &amp; Bars"}]},{"@type":"WebSite","@id":"https:\/\/www.theixiangrand.gr\/de\/#website","url":"https:\/\/www.theixiangrand.gr\/de\/","name":"The Ixian Grand","description":"Let&#039;s Shape your Ideas...","publisher":{"@id":"https:\/\/www.theixiangrand.gr\/de\/#organization"},"potentialAction":[{"@type":"SearchAction","target":{"@type":"EntryPoint","urlTemplate":"https:\/\/www.theixiangrand.gr\/de\/?s={search_term_string}"},"query-input":{"@type":"PropertyValueSpecification","valueRequired":true,"valueName":"search_term_string"}}],"inLanguage":"de"},{"@type":"Organization","@id":"https:\/\/www.theixiangrand.gr\/de\/#organization","name":"The Ixian Grand & All Suites","url":"https:\/\/www.theixiangrand.gr\/de\/","logo":{"@type":"ImageObject","inLanguage":"de","@id":"https:\/\/www.theixiangrand.gr\/de\/#\/schema\/logo\/image\/","url":"https:\/\/www.theixiangrand.gr\/app\/uploads\/sites\/105\/2022\/09\/ms-icon-310x310-1.png","contentUrl":"https:\/\/www.theixiangrand.gr\/app\/uploads\/sites\/105\/2022\/09\/ms-icon-310x310-1.png","width":310,"height":310,"caption":"The Ixian Grand & All Suites"},"image":{"@id":"https:\/\/www.theixiangrand.gr\/de\/#\/schema\/logo\/image\/"},"sameAs":["https:\/\/www.facebook.com\/TheIxianGrand.IxianAllSuites\/","https:\/\/www.instagram.com\/theixiangrand\/"]}]}},"_links":{"self":[{"href":"https:\/\/www.theixiangrand.gr\/de\/wp-json\/wp\/v2\/pages\/5293","targetHints":{"allow":["GET"]}}],"collection":[{"href":"https:\/\/www.theixiangrand.gr\/de\/wp-json\/wp\/v2\/pages"}],"about":[{"href":"https:\/\/www.theixiangrand.gr\/de\/wp-json\/wp\/v2\/types\/page"}],"author":[{"embeddable":true,"href":"https:\/\/www.theixiangrand.gr\/de\/wp-json\/wp\/v2\/users\/326"}],"replies":[{"embeddable":true,"href":"https:\/\/www.theixiangrand.gr\/de\/wp-json\/wp\/v2\/comments?post=5293"}],"version-history":[{"count":6,"href":"https:\/\/www.theixiangrand.gr\/de\/wp-json\/wp\/v2\/pages\/5293\/revisions"}],"predecessor-version":[{"id":5301,"href":"https:\/\/www.theixiangrand.gr\/de\/wp-json\/wp\/v2\/pages\/5293\/revisions\/5301"}],"wp:featuredmedia":[{"embeddable":true,"href":"https:\/\/www.theixiangrand.gr\/de\/wp-json\/wp\/v2\/media\/3096"}],"wp:attachment":[{"href":"https:\/\/www.theixiangrand.gr\/de\/wp-json\/wp\/v2\/media?parent=5293"}],"curies":[{"name":"wp","href":"https:\/\/api.w.org\/{rel}","templated":true}]}}