{"id":3721,"date":"2022-06-23T14:28:09","date_gmt":"2022-06-23T11:28:09","guid":{"rendered":"https:\/\/www.theixiangrand.gr\/?page_id=3721"},"modified":"2024-01-29T10:06:42","modified_gmt":"2024-01-29T08:06:42","slug":"offers","status":"publish","type":"page","link":"https:\/\/www.theixiangrand.gr\/de\/offers\/","title":{"rendered":"Angebote"},"content":{"rendered":"<p>Hier finden Sie alle aktuellen Angebote und Pakete, die nur f\u00fcr Buchungen \u00fcber unsere offizielle Website verf\u00fcgbar sind. Hier erfahren Sie, wie Sie sich noch bessere Angebote und zus\u00e4tzliche Vorteile sichern k\u00f6nnen.<\/p>\n","protected":false},"excerpt":{"rendered":"<p>Hier finden Sie alle aktuellen Angebote und Pakete, die nur f\u00fcr Buchungen \u00fcber unsere offizielle Website verf\u00fcgbar sind. Hier erfahren Sie, wie Sie sich noch bessere Angebote und zus\u00e4tzliche Vorteile sichern k\u00f6nnen.<\/p>\n","protected":false},"author":1,"featured_media":0,"parent":0,"menu_order":4,"comment_status":"closed","ping_status":"closed","template":"page-templates\/offers.php","meta":{"_acf_changed":false,"footnotes":""},"class_list":["post-3721","page","type-page","status-publish","hentry"],"acf":[],"yoast_head":"<!-- This site is optimized with the Yoast SEO plugin v27.5 - https:\/\/yoast.com\/product\/yoast-seo-wordpress\/ -->\n<title>Angebote - The Ixian Grand &amp; All Suites<\/title>\n<meta name=\"robots\" content=\"index, follow, max-snippet:-1, max-image-preview:large, max-video-preview:-1\" \/>\n<link rel=\"canonical\" href=\"https:\/\/www.theixiangrand.gr\/de\/offers\/\" \/>\n<meta property=\"og:locale\" content=\"de_DE\" \/>\n<meta property=\"og:type\" content=\"article\" \/>\n<meta property=\"og:title\" content=\"Angebote - The Ixian Grand &amp; All Suites\" \/>\n<meta property=\"og:description\" content=\"Hier finden Sie alle aktuellen Angebote und Pakete, die nur f\u00fcr Buchungen \u00fcber unsere offizielle Website verf\u00fcgbar sind. Hier erfahren Sie, wie Sie sich noch bessere Angebote und zus\u00e4tzliche Vorteile sichern k\u00f6nnen.\" \/>\n<meta property=\"og:url\" content=\"https:\/\/www.theixiangrand.gr\/de\/offers\/\" \/>\n<meta property=\"og:site_name\" content=\"The Ixian Grand\" \/>\n<meta property=\"article:publisher\" content=\"https:\/\/www.facebook.com\/TheIxianGrand.IxianAllSuites\/\" \/>\n<meta property=\"article:modified_time\" content=\"2024-01-29T08:06:42+00:00\" \/>\n<meta name=\"twitter:card\" content=\"summary_large_image\" \/>\n<meta name=\"twitter:label1\" content=\"Gesch\u00e4tzte Lesezeit\" \/>\n\t<meta name=\"twitter:data1\" content=\"1\u00a0Minute\" \/>\n<script type=\"application\/ld+json\" class=\"yoast-schema-graph\">{\"@context\":\"https:\\\/\\\/schema.org\",\"@graph\":[{\"@type\":\"WebPage\",\"@id\":\"https:\\\/\\\/www.theixiangrand.gr\\\/de\\\/offers\\\/\",\"url\":\"https:\\\/\\\/www.theixiangrand.gr\\\/de\\\/offers\\\/\",\"name\":\"Angebote - The Ixian Grand & All Suites\",\"isPartOf\":{\"@id\":\"https:\\\/\\\/www.theixiangrand.gr\\\/de\\\/#website\"},\"datePublished\":\"2022-06-23T11:28:09+00:00\",\"dateModified\":\"2024-01-29T08:06:42+00:00\",\"breadcrumb\":{\"@id\":\"https:\\\/\\\/www.theixiangrand.gr\\\/de\\\/offers\\\/#breadcrumb\"},\"inLanguage\":\"de\",\"potentialAction\":[{\"@type\":\"ReadAction\",\"target\":[\"https:\\\/\\\/www.theixiangrand.gr\\\/de\\\/offers\\\/\"]}]},{\"@type\":\"BreadcrumbList\",\"@id\":\"https:\\\/\\\/www.theixiangrand.gr\\\/de\\\/offers\\\/#breadcrumb\",\"itemListElement\":[{\"@type\":\"ListItem\",\"position\":1,\"name\":\"Home\",\"item\":\"https:\\\/\\\/www.theixiangrand.gr\\\/de\\\/\"},{\"@type\":\"ListItem\",\"position\":2,\"name\":\"Angebote\"}]},{\"@type\":\"WebSite\",\"@id\":\"https:\\\/\\\/www.theixiangrand.gr\\\/de\\\/#website\",\"url\":\"https:\\\/\\\/www.theixiangrand.gr\\\/de\\\/\",\"name\":\"The Ixian Grand\",\"description\":\"Let&#039;s Shape your Ideas...\",\"publisher\":{\"@id\":\"https:\\\/\\\/www.theixiangrand.gr\\\/de\\\/#organization\"},\"potentialAction\":[{\"@type\":\"SearchAction\",\"target\":{\"@type\":\"EntryPoint\",\"urlTemplate\":\"https:\\\/\\\/www.theixiangrand.gr\\\/de\\\/?s={search_term_string}\"},\"query-input\":{\"@type\":\"PropertyValueSpecification\",\"valueRequired\":true,\"valueName\":\"search_term_string\"}}],\"inLanguage\":\"de\"},{\"@type\":\"Organization\",\"@id\":\"https:\\\/\\\/www.theixiangrand.gr\\\/de\\\/#organization\",\"name\":\"The Ixian Grand & All Suites\",\"url\":\"https:\\\/\\\/www.theixiangrand.gr\\\/de\\\/\",\"logo\":{\"@type\":\"ImageObject\",\"inLanguage\":\"de\",\"@id\":\"https:\\\/\\\/www.theixiangrand.gr\\\/de\\\/#\\\/schema\\\/logo\\\/image\\\/\",\"url\":\"https:\\\/\\\/www.theixiangrand.gr\\\/app\\\/uploads\\\/sites\\\/105\\\/2022\\\/09\\\/ms-icon-310x310-1.png\",\"contentUrl\":\"https:\\\/\\\/www.theixiangrand.gr\\\/app\\\/uploads\\\/sites\\\/105\\\/2022\\\/09\\\/ms-icon-310x310-1.png\",\"width\":310,\"height\":310,\"caption\":\"The Ixian Grand & All Suites\"},\"image\":{\"@id\":\"https:\\\/\\\/www.theixiangrand.gr\\\/de\\\/#\\\/schema\\\/logo\\\/image\\\/\"},\"sameAs\":[\"https:\\\/\\\/www.facebook.com\\\/TheIxianGrand.IxianAllSuites\\\/\",\"https:\\\/\\\/www.instagram.com\\\/theixiangrand\\\/\"]}]}<\/script>\n<!-- \/ Yoast SEO plugin. -->","yoast_head_json":{"title":"Angebote - The Ixian Grand & All Suites","robots":{"index":"index","follow":"follow","max-snippet":"max-snippet:-1","max-image-preview":"max-image-preview:large","max-video-preview":"max-video-preview:-1"},"canonical":"https:\/\/www.theixiangrand.gr\/de\/offers\/","og_locale":"de_DE","og_type":"article","og_title":"Angebote - The Ixian Grand & All Suites","og_description":"Hier finden Sie alle aktuellen Angebote und Pakete, die nur f\u00fcr Buchungen \u00fcber unsere offizielle Website verf\u00fcgbar sind. Hier erfahren Sie, wie Sie sich noch bessere Angebote und zus\u00e4tzliche Vorteile sichern k\u00f6nnen.","og_url":"https:\/\/www.theixiangrand.gr\/de\/offers\/","og_site_name":"The Ixian Grand","article_publisher":"https:\/\/www.facebook.com\/TheIxianGrand.IxianAllSuites\/","article_modified_time":"2024-01-29T08:06:42+00:00","twitter_card":"summary_large_image","twitter_misc":{"Gesch\u00e4tzte Lesezeit":"1\u00a0Minute"},"schema":{"@context":"https:\/\/schema.org","@graph":[{"@type":"WebPage","@id":"https:\/\/www.theixiangrand.gr\/de\/offers\/","url":"https:\/\/www.theixiangrand.gr\/de\/offers\/","name":"Angebote - The Ixian Grand & All Suites","isPartOf":{"@id":"https:\/\/www.theixiangrand.gr\/de\/#website"},"datePublished":"2022-06-23T11:28:09+00:00","dateModified":"2024-01-29T08:06:42+00:00","breadcrumb":{"@id":"https:\/\/www.theixiangrand.gr\/de\/offers\/#breadcrumb"},"inLanguage":"de","potentialAction":[{"@type":"ReadAction","target":["https:\/\/www.theixiangrand.gr\/de\/offers\/"]}]},{"@type":"BreadcrumbList","@id":"https:\/\/www.theixiangrand.gr\/de\/offers\/#breadcrumb","itemListElement":[{"@type":"ListItem","position":1,"name":"Home","item":"https:\/\/www.theixiangrand.gr\/de\/"},{"@type":"ListItem","position":2,"name":"Angebote"}]},{"@type":"WebSite","@id":"https:\/\/www.theixiangrand.gr\/de\/#website","url":"https:\/\/www.theixiangrand.gr\/de\/","name":"The Ixian Grand","description":"Let&#039;s Shape your Ideas...","publisher":{"@id":"https:\/\/www.theixiangrand.gr\/de\/#organization"},"potentialAction":[{"@type":"SearchAction","target":{"@type":"EntryPoint","urlTemplate":"https:\/\/www.theixiangrand.gr\/de\/?s={search_term_string}"},"query-input":{"@type":"PropertyValueSpecification","valueRequired":true,"valueName":"search_term_string"}}],"inLanguage":"de"},{"@type":"Organization","@id":"https:\/\/www.theixiangrand.gr\/de\/#organization","name":"The Ixian Grand & All Suites","url":"https:\/\/www.theixiangrand.gr\/de\/","logo":{"@type":"ImageObject","inLanguage":"de","@id":"https:\/\/www.theixiangrand.gr\/de\/#\/schema\/logo\/image\/","url":"https:\/\/www.theixiangrand.gr\/app\/uploads\/sites\/105\/2022\/09\/ms-icon-310x310-1.png","contentUrl":"https:\/\/www.theixiangrand.gr\/app\/uploads\/sites\/105\/2022\/09\/ms-icon-310x310-1.png","width":310,"height":310,"caption":"The Ixian Grand & All Suites"},"image":{"@id":"https:\/\/www.theixiangrand.gr\/de\/#\/schema\/logo\/image\/"},"sameAs":["https:\/\/www.facebook.com\/TheIxianGrand.IxianAllSuites\/","https:\/\/www.instagram.com\/theixiangrand\/"]}]}},"_links":{"self":[{"href":"https:\/\/www.theixiangrand.gr\/de\/wp-json\/wp\/v2\/pages\/3721","targetHints":{"allow":["GET"]}}],"collection":[{"href":"https:\/\/www.theixiangrand.gr\/de\/wp-json\/wp\/v2\/pages"}],"about":[{"href":"https:\/\/www.theixiangrand.gr\/de\/wp-json\/wp\/v2\/types\/page"}],"author":[{"embeddable":true,"href":"https:\/\/www.theixiangrand.gr\/de\/wp-json\/wp\/v2\/users\/1"}],"replies":[{"embeddable":true,"href":"https:\/\/www.theixiangrand.gr\/de\/wp-json\/wp\/v2\/comments?post=3721"}],"version-history":[{"count":5,"href":"https:\/\/www.theixiangrand.gr\/de\/wp-json\/wp\/v2\/pages\/3721\/revisions"}],"predecessor-version":[{"id":4787,"href":"https:\/\/www.theixiangrand.gr\/de\/wp-json\/wp\/v2\/pages\/3721\/revisions\/4787"}],"wp:attachment":[{"href":"https:\/\/www.theixiangrand.gr\/de\/wp-json\/wp\/v2\/media?parent=3721"}],"curies":[{"name":"wp","href":"https:\/\/api.w.org\/{rel}","templated":true}]}}