{"id":3707,"date":"2022-06-23T14:20:58","date_gmt":"2022-06-23T11:20:58","guid":{"rendered":"https:\/\/www.theixiangrand.gr\/?page_id=3707"},"modified":"2025-02-10T10:09:14","modified_gmt":"2025-02-10T08:09:14","slug":"the-hotel","status":"publish","type":"page","link":"https:\/\/www.theixiangrand.gr\/de\/the-hotel\/","title":{"rendered":"Das Hotel"},"content":{"rendered":"\n<p>Das Ixian Grand &amp; All Suites Hotel ist eine Strandanlage direkt am Strand von Ixia auf der Insel Rhodos und verk\u00f6rpert das Ideal von Sonne und Meer, f\u00fcr das Griechenland bekannt ist. Es ist ein Ort, an dem Sie von morgens bis abends die Seele baumeln lassen und Ihren Impulsen folgen k\u00f6nnen. Eine 5-Sterne-All-Inclusive-Oase nur f\u00fcr Erwachsene voller spontaner Erlebnisse, f\u00fcr grenzenlosen Genuss und private oder gemeinsame Erfahrungen, die die Seele befl\u00fcgeln.<\/p>\n\n\n\n<p>Die atemberaubende Landschaft, die unser Anwesen umgibt, die gro\u00dfz\u00fcgigen Wohnr\u00e4ume mit sensationellen Ausblicken und die idyllische Lage direkt am Strand, nur 6 km von der Altstadt von Rhodos entfernt, sind nur einige der Dinge, die Sie verf\u00fchren werden. Hier bem\u00fchen wir uns, Sie bei jeder Gelegenheit aufs Neue zu begeistern. Unsere Wellness-Einrichtungen wirken beruhigend, unsere Fitness-Aktivit\u00e4ten verleihen Ihnen neue Energie und unsere au\u00dfergew\u00f6hnliche Vielfalt an kulinarischen Angeboten und Getr\u00e4nken begl\u00fcckend. Kommen Sie, um die Aussicht zu genie\u00dfen, und bleiben Sie eine Weile, um Kontakte zu kn\u00fcpfen und Freude zu empfinden, ohne sich Sorgen machen zu m\u00fcssen, denn wir sind bestrebt, Ihnen eine Kulisse zu bieten, in der Sie jeden wachen Moment zu einer spontanen Spritztour machen k\u00f6nnen, ganz nach Ihren W\u00fcnschen.<\/p>\n","protected":false},"excerpt":{"rendered":"<p>Das Ixian Grand &amp; All Suites Hotel ist eine Strandanlage direkt am Strand von Ixia auf der Insel Rhodos und verk\u00f6rpert das Ideal von Sonne und Meer, f\u00fcr das Griechenland bekannt ist. Es ist ein Ort, an dem Sie von morgens bis abends die Seele baumeln lassen und Ihren Impulsen folgen k\u00f6nnen. Eine 5-Sterne-All-Inclusive-Oase nur<\/p>\n","protected":false},"author":1,"featured_media":3042,"parent":0,"menu_order":12,"comment_status":"closed","ping_status":"closed","template":"page-templates\/hotel.php","meta":{"_acf_changed":false,"footnotes":""},"class_list":["post-3707","page","type-page","status-publish","has-post-thumbnail","hentry"],"acf":[],"yoast_head":"<!-- This site is optimized with the Yoast SEO plugin v27.5 - https:\/\/yoast.com\/product\/yoast-seo-wordpress\/ -->\n<title>Das Hotel - The Ixian Grand &amp; All Suites<\/title>\n<meta name=\"description\" content=\"Das Ixian Grand &amp; All Suites Hotel befindet sich direkt am Strand von Ixia auf der Insel Rhodos.\" \/>\n<meta name=\"robots\" content=\"index, follow, max-snippet:-1, max-image-preview:large, max-video-preview:-1\" \/>\n<link rel=\"canonical\" href=\"https:\/\/www.theixiangrand.gr\/de\/the-hotel\/\" \/>\n<meta property=\"og:locale\" content=\"de_DE\" \/>\n<meta property=\"og:type\" content=\"article\" \/>\n<meta property=\"og:title\" content=\"Das Hotel - The Ixian Grand &amp; All Suites\" \/>\n<meta property=\"og:description\" content=\"Das Ixian Grand &amp; All Suites Hotel befindet sich direkt am Strand von Ixia auf der Insel Rhodos.\" \/>\n<meta property=\"og:url\" content=\"https:\/\/www.theixiangrand.gr\/de\/the-hotel\/\" \/>\n<meta property=\"og:site_name\" content=\"The Ixian Grand\" \/>\n<meta property=\"article:publisher\" content=\"https:\/\/www.facebook.com\/TheIxianGrand.IxianAllSuites\/\" \/>\n<meta property=\"article:modified_time\" content=\"2025-02-10T08:09:14+00:00\" \/>\n<meta property=\"og:image\" content=\"https:\/\/www.theixiangrand.gr\/app\/uploads\/sites\/105\/2022\/07\/the-hotel-hero.jpg\" \/>\n\t<meta property=\"og:image:width\" content=\"2048\" \/>\n\t<meta property=\"og:image:height\" content=\"1148\" \/>\n\t<meta property=\"og:image:type\" content=\"image\/jpeg\" \/>\n<meta name=\"twitter:card\" content=\"summary_large_image\" \/>\n<meta name=\"twitter:label1\" content=\"Gesch\u00e4tzte Lesezeit\" \/>\n\t<meta name=\"twitter:data1\" content=\"2\u00a0Minuten\" \/>\n<script type=\"application\/ld+json\" class=\"yoast-schema-graph\">{\"@context\":\"https:\\\/\\\/schema.org\",\"@graph\":[{\"@type\":\"WebPage\",\"@id\":\"https:\\\/\\\/www.theixiangrand.gr\\\/de\\\/the-hotel\\\/\",\"url\":\"https:\\\/\\\/www.theixiangrand.gr\\\/de\\\/the-hotel\\\/\",\"name\":\"Das Hotel - The Ixian Grand & All Suites\",\"isPartOf\":{\"@id\":\"https:\\\/\\\/www.theixiangrand.gr\\\/de\\\/#website\"},\"primaryImageOfPage\":{\"@id\":\"https:\\\/\\\/www.theixiangrand.gr\\\/de\\\/the-hotel\\\/#primaryimage\"},\"image\":{\"@id\":\"https:\\\/\\\/www.theixiangrand.gr\\\/de\\\/the-hotel\\\/#primaryimage\"},\"thumbnailUrl\":\"https:\\\/\\\/www.theixiangrand.gr\\\/app\\\/uploads\\\/sites\\\/105\\\/2022\\\/07\\\/the-hotel-hero.jpg\",\"datePublished\":\"2022-06-23T11:20:58+00:00\",\"dateModified\":\"2025-02-10T08:09:14+00:00\",\"description\":\"Das Ixian Grand & All Suites Hotel befindet sich direkt am Strand von Ixia auf der Insel Rhodos.\",\"breadcrumb\":{\"@id\":\"https:\\\/\\\/www.theixiangrand.gr\\\/de\\\/the-hotel\\\/#breadcrumb\"},\"inLanguage\":\"de\",\"potentialAction\":[{\"@type\":\"ReadAction\",\"target\":[\"https:\\\/\\\/www.theixiangrand.gr\\\/de\\\/the-hotel\\\/\"]}]},{\"@type\":\"ImageObject\",\"inLanguage\":\"de\",\"@id\":\"https:\\\/\\\/www.theixiangrand.gr\\\/de\\\/the-hotel\\\/#primaryimage\",\"url\":\"https:\\\/\\\/www.theixiangrand.gr\\\/app\\\/uploads\\\/sites\\\/105\\\/2022\\\/07\\\/the-hotel-hero.jpg\",\"contentUrl\":\"https:\\\/\\\/www.theixiangrand.gr\\\/app\\\/uploads\\\/sites\\\/105\\\/2022\\\/07\\\/the-hotel-hero.jpg\",\"width\":2048,\"height\":1148},{\"@type\":\"BreadcrumbList\",\"@id\":\"https:\\\/\\\/www.theixiangrand.gr\\\/de\\\/the-hotel\\\/#breadcrumb\",\"itemListElement\":[{\"@type\":\"ListItem\",\"position\":1,\"name\":\"Home\",\"item\":\"https:\\\/\\\/www.theixiangrand.gr\\\/de\\\/\"},{\"@type\":\"ListItem\",\"position\":2,\"name\":\"Das Hotel\"}]},{\"@type\":\"WebSite\",\"@id\":\"https:\\\/\\\/www.theixiangrand.gr\\\/de\\\/#website\",\"url\":\"https:\\\/\\\/www.theixiangrand.gr\\\/de\\\/\",\"name\":\"The Ixian Grand\",\"description\":\"Let&#039;s Shape your Ideas...\",\"publisher\":{\"@id\":\"https:\\\/\\\/www.theixiangrand.gr\\\/de\\\/#organization\"},\"potentialAction\":[{\"@type\":\"SearchAction\",\"target\":{\"@type\":\"EntryPoint\",\"urlTemplate\":\"https:\\\/\\\/www.theixiangrand.gr\\\/de\\\/?s={search_term_string}\"},\"query-input\":{\"@type\":\"PropertyValueSpecification\",\"valueRequired\":true,\"valueName\":\"search_term_string\"}}],\"inLanguage\":\"de\"},{\"@type\":\"Organization\",\"@id\":\"https:\\\/\\\/www.theixiangrand.gr\\\/de\\\/#organization\",\"name\":\"The Ixian Grand & All Suites\",\"url\":\"https:\\\/\\\/www.theixiangrand.gr\\\/de\\\/\",\"logo\":{\"@type\":\"ImageObject\",\"inLanguage\":\"de\",\"@id\":\"https:\\\/\\\/www.theixiangrand.gr\\\/de\\\/#\\\/schema\\\/logo\\\/image\\\/\",\"url\":\"https:\\\/\\\/www.theixiangrand.gr\\\/app\\\/uploads\\\/sites\\\/105\\\/2022\\\/09\\\/ms-icon-310x310-1.png\",\"contentUrl\":\"https:\\\/\\\/www.theixiangrand.gr\\\/app\\\/uploads\\\/sites\\\/105\\\/2022\\\/09\\\/ms-icon-310x310-1.png\",\"width\":310,\"height\":310,\"caption\":\"The Ixian Grand & All Suites\"},\"image\":{\"@id\":\"https:\\\/\\\/www.theixiangrand.gr\\\/de\\\/#\\\/schema\\\/logo\\\/image\\\/\"},\"sameAs\":[\"https:\\\/\\\/www.facebook.com\\\/TheIxianGrand.IxianAllSuites\\\/\",\"https:\\\/\\\/www.instagram.com\\\/theixiangrand\\\/\"]}]}<\/script>\n<!-- \/ Yoast SEO plugin. -->","yoast_head_json":{"title":"Das Hotel - The Ixian Grand & All Suites","description":"Das Ixian Grand & All Suites Hotel befindet sich direkt am Strand von Ixia auf der Insel Rhodos.","robots":{"index":"index","follow":"follow","max-snippet":"max-snippet:-1","max-image-preview":"max-image-preview:large","max-video-preview":"max-video-preview:-1"},"canonical":"https:\/\/www.theixiangrand.gr\/de\/the-hotel\/","og_locale":"de_DE","og_type":"article","og_title":"Das Hotel - The Ixian Grand & All Suites","og_description":"Das Ixian Grand & All Suites Hotel befindet sich direkt am Strand von Ixia auf der Insel Rhodos.","og_url":"https:\/\/www.theixiangrand.gr\/de\/the-hotel\/","og_site_name":"The Ixian Grand","article_publisher":"https:\/\/www.facebook.com\/TheIxianGrand.IxianAllSuites\/","article_modified_time":"2025-02-10T08:09:14+00:00","og_image":[{"width":2048,"height":1148,"url":"https:\/\/www.theixiangrand.gr\/app\/uploads\/sites\/105\/2022\/07\/the-hotel-hero.jpg","type":"image\/jpeg"}],"twitter_card":"summary_large_image","twitter_misc":{"Gesch\u00e4tzte Lesezeit":"2\u00a0Minuten"},"schema":{"@context":"https:\/\/schema.org","@graph":[{"@type":"WebPage","@id":"https:\/\/www.theixiangrand.gr\/de\/the-hotel\/","url":"https:\/\/www.theixiangrand.gr\/de\/the-hotel\/","name":"Das Hotel - The Ixian Grand & All Suites","isPartOf":{"@id":"https:\/\/www.theixiangrand.gr\/de\/#website"},"primaryImageOfPage":{"@id":"https:\/\/www.theixiangrand.gr\/de\/the-hotel\/#primaryimage"},"image":{"@id":"https:\/\/www.theixiangrand.gr\/de\/the-hotel\/#primaryimage"},"thumbnailUrl":"https:\/\/www.theixiangrand.gr\/app\/uploads\/sites\/105\/2022\/07\/the-hotel-hero.jpg","datePublished":"2022-06-23T11:20:58+00:00","dateModified":"2025-02-10T08:09:14+00:00","description":"Das Ixian Grand & All Suites Hotel befindet sich direkt am Strand von Ixia auf der Insel Rhodos.","breadcrumb":{"@id":"https:\/\/www.theixiangrand.gr\/de\/the-hotel\/#breadcrumb"},"inLanguage":"de","potentialAction":[{"@type":"ReadAction","target":["https:\/\/www.theixiangrand.gr\/de\/the-hotel\/"]}]},{"@type":"ImageObject","inLanguage":"de","@id":"https:\/\/www.theixiangrand.gr\/de\/the-hotel\/#primaryimage","url":"https:\/\/www.theixiangrand.gr\/app\/uploads\/sites\/105\/2022\/07\/the-hotel-hero.jpg","contentUrl":"https:\/\/www.theixiangrand.gr\/app\/uploads\/sites\/105\/2022\/07\/the-hotel-hero.jpg","width":2048,"height":1148},{"@type":"BreadcrumbList","@id":"https:\/\/www.theixiangrand.gr\/de\/the-hotel\/#breadcrumb","itemListElement":[{"@type":"ListItem","position":1,"name":"Home","item":"https:\/\/www.theixiangrand.gr\/de\/"},{"@type":"ListItem","position":2,"name":"Das Hotel"}]},{"@type":"WebSite","@id":"https:\/\/www.theixiangrand.gr\/de\/#website","url":"https:\/\/www.theixiangrand.gr\/de\/","name":"The Ixian Grand","description":"Let&#039;s Shape your Ideas...","publisher":{"@id":"https:\/\/www.theixiangrand.gr\/de\/#organization"},"potentialAction":[{"@type":"SearchAction","target":{"@type":"EntryPoint","urlTemplate":"https:\/\/www.theixiangrand.gr\/de\/?s={search_term_string}"},"query-input":{"@type":"PropertyValueSpecification","valueRequired":true,"valueName":"search_term_string"}}],"inLanguage":"de"},{"@type":"Organization","@id":"https:\/\/www.theixiangrand.gr\/de\/#organization","name":"The Ixian Grand & All Suites","url":"https:\/\/www.theixiangrand.gr\/de\/","logo":{"@type":"ImageObject","inLanguage":"de","@id":"https:\/\/www.theixiangrand.gr\/de\/#\/schema\/logo\/image\/","url":"https:\/\/www.theixiangrand.gr\/app\/uploads\/sites\/105\/2022\/09\/ms-icon-310x310-1.png","contentUrl":"https:\/\/www.theixiangrand.gr\/app\/uploads\/sites\/105\/2022\/09\/ms-icon-310x310-1.png","width":310,"height":310,"caption":"The Ixian Grand & All Suites"},"image":{"@id":"https:\/\/www.theixiangrand.gr\/de\/#\/schema\/logo\/image\/"},"sameAs":["https:\/\/www.facebook.com\/TheIxianGrand.IxianAllSuites\/","https:\/\/www.instagram.com\/theixiangrand\/"]}]}},"_links":{"self":[{"href":"https:\/\/www.theixiangrand.gr\/de\/wp-json\/wp\/v2\/pages\/3707","targetHints":{"allow":["GET"]}}],"collection":[{"href":"https:\/\/www.theixiangrand.gr\/de\/wp-json\/wp\/v2\/pages"}],"about":[{"href":"https:\/\/www.theixiangrand.gr\/de\/wp-json\/wp\/v2\/types\/page"}],"author":[{"embeddable":true,"href":"https:\/\/www.theixiangrand.gr\/de\/wp-json\/wp\/v2\/users\/1"}],"replies":[{"embeddable":true,"href":"https:\/\/www.theixiangrand.gr\/de\/wp-json\/wp\/v2\/comments?post=3707"}],"version-history":[{"count":4,"href":"https:\/\/www.theixiangrand.gr\/de\/wp-json\/wp\/v2\/pages\/3707\/revisions"}],"predecessor-version":[{"id":5285,"href":"https:\/\/www.theixiangrand.gr\/de\/wp-json\/wp\/v2\/pages\/3707\/revisions\/5285"}],"wp:featuredmedia":[{"embeddable":true,"href":"https:\/\/www.theixiangrand.gr\/de\/wp-json\/wp\/v2\/media\/3042"}],"wp:attachment":[{"href":"https:\/\/www.theixiangrand.gr\/de\/wp-json\/wp\/v2\/media?parent=3707"}],"curies":[{"name":"wp","href":"https:\/\/api.w.org\/{rel}","templated":true}]}}