{"id":3705,"date":"2022-08-03T13:05:56","date_gmt":"2022-08-03T10:05:56","guid":{"rendered":"https:\/\/www.theixiangrand.gr\/?page_id=3705"},"modified":"2023-05-24T14:00:15","modified_gmt":"2023-05-24T11:00:15","slug":"reason-relaxation-areas-by-pool","status":"publish","type":"page","link":"https:\/\/www.theixiangrand.gr\/de\/reason-relaxation-areas-by-pool\/","title":{"rendered":"Grund &#8211; Gro\u00dfz\u00fcgige Liege- und Entspannungsfl\u00e4chen"},"content":{"rendered":"\n<p>Gro\u00dfz\u00fcgige Liege- und Entspannungsbereiche an den Pools. Wir sind stolz auf unsere gepflegten G\u00e4rten und gro\u00dfz\u00fcgigen Gemeinschaftsr\u00e4ume. Sie m\u00fcssen sich keine Sorgen \u00fcber \u00fcberf\u00fcllte Pl\u00e4tze oder begrenzte R\u00e4ume machen. Sie sind im Ixian Grand &amp; All Suites, einfach um Ihre kostbaren Urlaubsmomente zu genie\u00dfen. Den Rest \u00fcberlassen Sie uns.<\/p>\n","protected":false},"excerpt":{"rendered":"<p>Gro\u00dfz\u00fcgige Liege- und Entspannungsbereiche an den Pools. Wir sind stolz auf unsere gepflegten G\u00e4rten und gro\u00dfz\u00fcgigen Gemeinschaftsr\u00e4ume. Sie m\u00fcssen sich keine Sorgen \u00fcber \u00fcberf\u00fcllte Pl\u00e4tze oder begrenzte R\u00e4ume machen. Sie sind im Ixian Grand &amp; All Suites, einfach um Ihre kostbaren Urlaubsmomente zu genie\u00dfen. Den Rest \u00fcberlassen Sie uns.<\/p>\n","protected":false},"author":1,"featured_media":3168,"parent":0,"menu_order":0,"comment_status":"closed","ping_status":"closed","template":"","meta":{"_acf_changed":false,"footnotes":""},"class_list":["post-3705","page","type-page","status-publish","has-post-thumbnail","hentry"],"acf":[],"yoast_head":"<!-- This site is optimized with the Yoast SEO plugin v27.3 - https:\/\/yoast.com\/product\/yoast-seo-wordpress\/ -->\n<title>Grund - Gro\u00dfz\u00fcgige Liege- und Entspannungsfl\u00e4chen - The Ixian Grand<\/title>\n<meta name=\"robots\" content=\"index, follow, max-snippet:-1, max-image-preview:large, max-video-preview:-1\" \/>\n<link rel=\"canonical\" href=\"https:\/\/www.theixiangrand.gr\/de\/reason-relaxation-areas-by-pool\/\" \/>\n<meta property=\"og:locale\" content=\"de_DE\" \/>\n<meta property=\"og:type\" content=\"article\" \/>\n<meta property=\"og:title\" content=\"Grund - Gro\u00dfz\u00fcgige Liege- und Entspannungsfl\u00e4chen - The Ixian Grand\" \/>\n<meta property=\"og:description\" content=\"Gro\u00dfz\u00fcgige Liege- und Entspannungsbereiche an den Pools. Wir sind stolz auf unsere gepflegten G\u00e4rten und gro\u00dfz\u00fcgigen Gemeinschaftsr\u00e4ume. Sie m\u00fcssen sich keine Sorgen \u00fcber \u00fcberf\u00fcllte Pl\u00e4tze oder begrenzte R\u00e4ume machen. Sie sind im Ixian Grand &amp; All Suites, einfach um Ihre kostbaren Urlaubsmomente zu genie\u00dfen. Den Rest \u00fcberlassen Sie uns.\" \/>\n<meta property=\"og:url\" content=\"https:\/\/www.theixiangrand.gr\/de\/reason-relaxation-areas-by-pool\/\" \/>\n<meta property=\"og:site_name\" content=\"The Ixian Grand\" \/>\n<meta property=\"article:publisher\" content=\"https:\/\/www.facebook.com\/TheIxianGrand.IxianAllSuites\/\" \/>\n<meta property=\"article:modified_time\" content=\"2023-05-24T11:00:15+00:00\" \/>\n<meta property=\"og:image\" content=\"https:\/\/www.theixiangrand.gr\/app\/uploads\/sites\/105\/2022\/07\/BEACH3.jpg\" \/>\n\t<meta property=\"og:image:width\" content=\"1920\" \/>\n\t<meta property=\"og:image:height\" content=\"1280\" \/>\n\t<meta property=\"og:image:type\" content=\"image\/jpeg\" \/>\n<meta name=\"twitter:card\" content=\"summary_large_image\" \/>\n<script type=\"application\/ld+json\" class=\"yoast-schema-graph\">{\"@context\":\"https:\\\/\\\/schema.org\",\"@graph\":[{\"@type\":\"WebPage\",\"@id\":\"https:\\\/\\\/www.theixiangrand.gr\\\/de\\\/reason-relaxation-areas-by-pool\\\/\",\"url\":\"https:\\\/\\\/www.theixiangrand.gr\\\/de\\\/reason-relaxation-areas-by-pool\\\/\",\"name\":\"Grund - Gro\u00dfz\u00fcgige Liege- und Entspannungsfl\u00e4chen - The Ixian Grand\",\"isPartOf\":{\"@id\":\"https:\\\/\\\/www.theixiangrand.gr\\\/de\\\/#website\"},\"primaryImageOfPage\":{\"@id\":\"https:\\\/\\\/www.theixiangrand.gr\\\/de\\\/reason-relaxation-areas-by-pool\\\/#primaryimage\"},\"image\":{\"@id\":\"https:\\\/\\\/www.theixiangrand.gr\\\/de\\\/reason-relaxation-areas-by-pool\\\/#primaryimage\"},\"thumbnailUrl\":\"https:\\\/\\\/www.theixiangrand.gr\\\/app\\\/uploads\\\/sites\\\/105\\\/2022\\\/07\\\/BEACH3.jpg\",\"datePublished\":\"2022-08-03T10:05:56+00:00\",\"dateModified\":\"2023-05-24T11:00:15+00:00\",\"breadcrumb\":{\"@id\":\"https:\\\/\\\/www.theixiangrand.gr\\\/de\\\/reason-relaxation-areas-by-pool\\\/#breadcrumb\"},\"inLanguage\":\"de\",\"potentialAction\":[{\"@type\":\"ReadAction\",\"target\":[\"https:\\\/\\\/www.theixiangrand.gr\\\/de\\\/reason-relaxation-areas-by-pool\\\/\"]}]},{\"@type\":\"ImageObject\",\"inLanguage\":\"de\",\"@id\":\"https:\\\/\\\/www.theixiangrand.gr\\\/de\\\/reason-relaxation-areas-by-pool\\\/#primaryimage\",\"url\":\"https:\\\/\\\/www.theixiangrand.gr\\\/app\\\/uploads\\\/sites\\\/105\\\/2022\\\/07\\\/BEACH3.jpg\",\"contentUrl\":\"https:\\\/\\\/www.theixiangrand.gr\\\/app\\\/uploads\\\/sites\\\/105\\\/2022\\\/07\\\/BEACH3.jpg\",\"width\":1920,\"height\":1280},{\"@type\":\"BreadcrumbList\",\"@id\":\"https:\\\/\\\/www.theixiangrand.gr\\\/de\\\/reason-relaxation-areas-by-pool\\\/#breadcrumb\",\"itemListElement\":[{\"@type\":\"ListItem\",\"position\":1,\"name\":\"Home\",\"item\":\"https:\\\/\\\/www.theixiangrand.gr\\\/de\\\/\"},{\"@type\":\"ListItem\",\"position\":2,\"name\":\"Grund &#8211; Gro\u00dfz\u00fcgige Liege- und Entspannungsfl\u00e4chen\"}]},{\"@type\":\"WebSite\",\"@id\":\"https:\\\/\\\/www.theixiangrand.gr\\\/de\\\/#website\",\"url\":\"https:\\\/\\\/www.theixiangrand.gr\\\/de\\\/\",\"name\":\"The Ixian Grand\",\"description\":\"Let&#039;s Shape your Ideas...\",\"publisher\":{\"@id\":\"https:\\\/\\\/www.theixiangrand.gr\\\/de\\\/#organization\"},\"potentialAction\":[{\"@type\":\"SearchAction\",\"target\":{\"@type\":\"EntryPoint\",\"urlTemplate\":\"https:\\\/\\\/www.theixiangrand.gr\\\/de\\\/?s={search_term_string}\"},\"query-input\":{\"@type\":\"PropertyValueSpecification\",\"valueRequired\":true,\"valueName\":\"search_term_string\"}}],\"inLanguage\":\"de\"},{\"@type\":\"Organization\",\"@id\":\"https:\\\/\\\/www.theixiangrand.gr\\\/de\\\/#organization\",\"name\":\"The Ixian Grand & All Suites\",\"url\":\"https:\\\/\\\/www.theixiangrand.gr\\\/de\\\/\",\"logo\":{\"@type\":\"ImageObject\",\"inLanguage\":\"de\",\"@id\":\"https:\\\/\\\/www.theixiangrand.gr\\\/de\\\/#\\\/schema\\\/logo\\\/image\\\/\",\"url\":\"https:\\\/\\\/www.theixiangrand.gr\\\/app\\\/uploads\\\/sites\\\/105\\\/2022\\\/09\\\/ms-icon-310x310-1.png\",\"contentUrl\":\"https:\\\/\\\/www.theixiangrand.gr\\\/app\\\/uploads\\\/sites\\\/105\\\/2022\\\/09\\\/ms-icon-310x310-1.png\",\"width\":310,\"height\":310,\"caption\":\"The Ixian Grand & All Suites\"},\"image\":{\"@id\":\"https:\\\/\\\/www.theixiangrand.gr\\\/de\\\/#\\\/schema\\\/logo\\\/image\\\/\"},\"sameAs\":[\"https:\\\/\\\/www.facebook.com\\\/TheIxianGrand.IxianAllSuites\\\/\",\"https:\\\/\\\/www.instagram.com\\\/theixiangrand\\\/\"]}]}<\/script>\n<!-- \/ Yoast SEO plugin. -->","yoast_head_json":{"title":"Grund - Gro\u00dfz\u00fcgige Liege- und Entspannungsfl\u00e4chen - The Ixian Grand","robots":{"index":"index","follow":"follow","max-snippet":"max-snippet:-1","max-image-preview":"max-image-preview:large","max-video-preview":"max-video-preview:-1"},"canonical":"https:\/\/www.theixiangrand.gr\/de\/reason-relaxation-areas-by-pool\/","og_locale":"de_DE","og_type":"article","og_title":"Grund - Gro\u00dfz\u00fcgige Liege- und Entspannungsfl\u00e4chen - The Ixian Grand","og_description":"Gro\u00dfz\u00fcgige Liege- und Entspannungsbereiche an den Pools. Wir sind stolz auf unsere gepflegten G\u00e4rten und gro\u00dfz\u00fcgigen Gemeinschaftsr\u00e4ume. Sie m\u00fcssen sich keine Sorgen \u00fcber \u00fcberf\u00fcllte Pl\u00e4tze oder begrenzte R\u00e4ume machen. Sie sind im Ixian Grand &amp; All Suites, einfach um Ihre kostbaren Urlaubsmomente zu genie\u00dfen. Den Rest \u00fcberlassen Sie uns.","og_url":"https:\/\/www.theixiangrand.gr\/de\/reason-relaxation-areas-by-pool\/","og_site_name":"The Ixian Grand","article_publisher":"https:\/\/www.facebook.com\/TheIxianGrand.IxianAllSuites\/","article_modified_time":"2023-05-24T11:00:15+00:00","og_image":[{"width":1920,"height":1280,"url":"https:\/\/www.theixiangrand.gr\/app\/uploads\/sites\/105\/2022\/07\/BEACH3.jpg","type":"image\/jpeg"}],"twitter_card":"summary_large_image","schema":{"@context":"https:\/\/schema.org","@graph":[{"@type":"WebPage","@id":"https:\/\/www.theixiangrand.gr\/de\/reason-relaxation-areas-by-pool\/","url":"https:\/\/www.theixiangrand.gr\/de\/reason-relaxation-areas-by-pool\/","name":"Grund - Gro\u00dfz\u00fcgige Liege- und Entspannungsfl\u00e4chen - The Ixian Grand","isPartOf":{"@id":"https:\/\/www.theixiangrand.gr\/de\/#website"},"primaryImageOfPage":{"@id":"https:\/\/www.theixiangrand.gr\/de\/reason-relaxation-areas-by-pool\/#primaryimage"},"image":{"@id":"https:\/\/www.theixiangrand.gr\/de\/reason-relaxation-areas-by-pool\/#primaryimage"},"thumbnailUrl":"https:\/\/www.theixiangrand.gr\/app\/uploads\/sites\/105\/2022\/07\/BEACH3.jpg","datePublished":"2022-08-03T10:05:56+00:00","dateModified":"2023-05-24T11:00:15+00:00","breadcrumb":{"@id":"https:\/\/www.theixiangrand.gr\/de\/reason-relaxation-areas-by-pool\/#breadcrumb"},"inLanguage":"de","potentialAction":[{"@type":"ReadAction","target":["https:\/\/www.theixiangrand.gr\/de\/reason-relaxation-areas-by-pool\/"]}]},{"@type":"ImageObject","inLanguage":"de","@id":"https:\/\/www.theixiangrand.gr\/de\/reason-relaxation-areas-by-pool\/#primaryimage","url":"https:\/\/www.theixiangrand.gr\/app\/uploads\/sites\/105\/2022\/07\/BEACH3.jpg","contentUrl":"https:\/\/www.theixiangrand.gr\/app\/uploads\/sites\/105\/2022\/07\/BEACH3.jpg","width":1920,"height":1280},{"@type":"BreadcrumbList","@id":"https:\/\/www.theixiangrand.gr\/de\/reason-relaxation-areas-by-pool\/#breadcrumb","itemListElement":[{"@type":"ListItem","position":1,"name":"Home","item":"https:\/\/www.theixiangrand.gr\/de\/"},{"@type":"ListItem","position":2,"name":"Grund &#8211; Gro\u00dfz\u00fcgige Liege- und Entspannungsfl\u00e4chen"}]},{"@type":"WebSite","@id":"https:\/\/www.theixiangrand.gr\/de\/#website","url":"https:\/\/www.theixiangrand.gr\/de\/","name":"The Ixian Grand","description":"Let&#039;s Shape your Ideas...","publisher":{"@id":"https:\/\/www.theixiangrand.gr\/de\/#organization"},"potentialAction":[{"@type":"SearchAction","target":{"@type":"EntryPoint","urlTemplate":"https:\/\/www.theixiangrand.gr\/de\/?s={search_term_string}"},"query-input":{"@type":"PropertyValueSpecification","valueRequired":true,"valueName":"search_term_string"}}],"inLanguage":"de"},{"@type":"Organization","@id":"https:\/\/www.theixiangrand.gr\/de\/#organization","name":"The Ixian Grand & All Suites","url":"https:\/\/www.theixiangrand.gr\/de\/","logo":{"@type":"ImageObject","inLanguage":"de","@id":"https:\/\/www.theixiangrand.gr\/de\/#\/schema\/logo\/image\/","url":"https:\/\/www.theixiangrand.gr\/app\/uploads\/sites\/105\/2022\/09\/ms-icon-310x310-1.png","contentUrl":"https:\/\/www.theixiangrand.gr\/app\/uploads\/sites\/105\/2022\/09\/ms-icon-310x310-1.png","width":310,"height":310,"caption":"The Ixian Grand & All Suites"},"image":{"@id":"https:\/\/www.theixiangrand.gr\/de\/#\/schema\/logo\/image\/"},"sameAs":["https:\/\/www.facebook.com\/TheIxianGrand.IxianAllSuites\/","https:\/\/www.instagram.com\/theixiangrand\/"]}]}},"_links":{"self":[{"href":"https:\/\/www.theixiangrand.gr\/de\/wp-json\/wp\/v2\/pages\/3705","targetHints":{"allow":["GET"]}}],"collection":[{"href":"https:\/\/www.theixiangrand.gr\/de\/wp-json\/wp\/v2\/pages"}],"about":[{"href":"https:\/\/www.theixiangrand.gr\/de\/wp-json\/wp\/v2\/types\/page"}],"author":[{"embeddable":true,"href":"https:\/\/www.theixiangrand.gr\/de\/wp-json\/wp\/v2\/users\/1"}],"replies":[{"embeddable":true,"href":"https:\/\/www.theixiangrand.gr\/de\/wp-json\/wp\/v2\/comments?post=3705"}],"version-history":[{"count":1,"href":"https:\/\/www.theixiangrand.gr\/de\/wp-json\/wp\/v2\/pages\/3705\/revisions"}],"predecessor-version":[{"id":3710,"href":"https:\/\/www.theixiangrand.gr\/de\/wp-json\/wp\/v2\/pages\/3705\/revisions\/3710"}],"wp:featuredmedia":[{"embeddable":true,"href":"https:\/\/www.theixiangrand.gr\/de\/wp-json\/wp\/v2\/media\/3168"}],"wp:attachment":[{"href":"https:\/\/www.theixiangrand.gr\/de\/wp-json\/wp\/v2\/media?parent=3705"}],"curies":[{"name":"wp","href":"https:\/\/api.w.org\/{rel}","templated":true}]}}