{"id":3698,"date":"2022-08-03T13:52:50","date_gmt":"2022-08-03T10:52:50","guid":{"rendered":"https:\/\/www.theixiangrand.gr\/?page_id=3698"},"modified":"2024-01-29T09:54:39","modified_gmt":"2024-01-29T07:54:39","slug":"the-all-inclusive-experience","status":"publish","type":"page","link":"https:\/\/www.theixiangrand.gr\/de\/the-all-inclusive-experience\/","title":{"rendered":"Das All-Inclusive-Erlebnis"},"content":{"rendered":"\n<p>Unsere Gastfreundschaftsphilosophie ist eine, die Ihnen Freiheit gibt, die es Ihnen erm\u00f6glicht, Ihren Impulsen zu folgen, die Ihnen das Gef\u00fchl gibt, im Mittelpunkt zu stehen und verw\u00f6hnt zu werden, und die es Ihnen erlaubt, absolut unbeschwert zu sein. Denn darum geht es doch im Urlaub. Wenn dies auch Ihre Vorstellung von einem idealen Urlaub ist, sollten Sie sich unbedingt unsere All-Inclusive-Pakete ansehen, die Ihnen je nach Zimmerkategorie die Freiheit geben, in unseren Restaurants und Bars frei zu speisen und zu trinken.<\/p>\n","protected":false},"excerpt":{"rendered":"<p>Unsere Gastfreundschaftsphilosophie ist eine, die Ihnen Freiheit gibt, die es Ihnen erm\u00f6glicht, Ihren Impulsen zu folgen, die Ihnen das Gef\u00fchl gibt, im Mittelpunkt zu stehen und verw\u00f6hnt zu werden, und die es Ihnen erlaubt, absolut unbeschwert zu sein. Denn darum geht es doch im Urlaub. Wenn dies auch Ihre Vorstellung von einem idealen Urlaub ist,<\/p>\n","protected":false},"author":1,"featured_media":3118,"parent":0,"menu_order":0,"comment_status":"closed","ping_status":"closed","template":"","meta":{"_acf_changed":false,"footnotes":""},"class_list":["post-3698","page","type-page","status-publish","has-post-thumbnail","hentry"],"acf":[],"yoast_head":"<!-- This site is optimized with the Yoast SEO plugin v27.5 - https:\/\/yoast.com\/product\/yoast-seo-wordpress\/ -->\n<title>Das All-Inclusive-Erlebnis - The Ixian Grand &amp; All Suites<\/title>\n<meta name=\"robots\" content=\"index, follow, max-snippet:-1, max-image-preview:large, max-video-preview:-1\" \/>\n<link rel=\"canonical\" href=\"https:\/\/www.theixiangrand.gr\/de\/the-all-inclusive-experience\/\" \/>\n<meta property=\"og:locale\" content=\"de_DE\" \/>\n<meta property=\"og:type\" content=\"article\" \/>\n<meta property=\"og:title\" content=\"Das All-Inclusive-Erlebnis - The Ixian Grand &amp; All Suites\" \/>\n<meta property=\"og:description\" content=\"Unsere Gastfreundschaftsphilosophie ist eine, die Ihnen Freiheit gibt, die es Ihnen erm\u00f6glicht, Ihren Impulsen zu folgen, die Ihnen das Gef\u00fchl gibt, im Mittelpunkt zu stehen und verw\u00f6hnt zu werden, und die es Ihnen erlaubt, absolut unbeschwert zu sein. Denn darum geht es doch im Urlaub. Wenn dies auch Ihre Vorstellung von einem idealen Urlaub ist,\" \/>\n<meta property=\"og:url\" content=\"https:\/\/www.theixiangrand.gr\/de\/the-all-inclusive-experience\/\" \/>\n<meta property=\"og:site_name\" content=\"The Ixian Grand\" \/>\n<meta property=\"article:publisher\" content=\"https:\/\/www.facebook.com\/TheIxianGrand.IxianAllSuites\/\" \/>\n<meta property=\"article:modified_time\" content=\"2024-01-29T07:54:39+00:00\" \/>\n<meta property=\"og:image\" content=\"https:\/\/www.theixiangrand.gr\/app\/uploads\/sites\/105\/2022\/07\/VISAVIS2-1.jpg\" \/>\n\t<meta property=\"og:image:width\" content=\"1920\" \/>\n\t<meta property=\"og:image:height\" content=\"1280\" \/>\n\t<meta property=\"og:image:type\" content=\"image\/jpeg\" \/>\n<meta name=\"twitter:card\" content=\"summary_large_image\" \/>\n<meta name=\"twitter:label1\" content=\"Gesch\u00e4tzte Lesezeit\" \/>\n\t<meta name=\"twitter:data1\" content=\"1\u00a0Minute\" \/>\n<script type=\"application\/ld+json\" class=\"yoast-schema-graph\">{\"@context\":\"https:\\\/\\\/schema.org\",\"@graph\":[{\"@type\":\"WebPage\",\"@id\":\"https:\\\/\\\/www.theixiangrand.gr\\\/de\\\/the-all-inclusive-experience\\\/\",\"url\":\"https:\\\/\\\/www.theixiangrand.gr\\\/de\\\/the-all-inclusive-experience\\\/\",\"name\":\"Das All-Inclusive-Erlebnis - The Ixian Grand & All Suites\",\"isPartOf\":{\"@id\":\"https:\\\/\\\/www.theixiangrand.gr\\\/de\\\/#website\"},\"primaryImageOfPage\":{\"@id\":\"https:\\\/\\\/www.theixiangrand.gr\\\/de\\\/the-all-inclusive-experience\\\/#primaryimage\"},\"image\":{\"@id\":\"https:\\\/\\\/www.theixiangrand.gr\\\/de\\\/the-all-inclusive-experience\\\/#primaryimage\"},\"thumbnailUrl\":\"https:\\\/\\\/www.theixiangrand.gr\\\/app\\\/uploads\\\/sites\\\/105\\\/2022\\\/07\\\/VISAVIS2-1.jpg\",\"datePublished\":\"2022-08-03T10:52:50+00:00\",\"dateModified\":\"2024-01-29T07:54:39+00:00\",\"breadcrumb\":{\"@id\":\"https:\\\/\\\/www.theixiangrand.gr\\\/de\\\/the-all-inclusive-experience\\\/#breadcrumb\"},\"inLanguage\":\"de\",\"potentialAction\":[{\"@type\":\"ReadAction\",\"target\":[\"https:\\\/\\\/www.theixiangrand.gr\\\/de\\\/the-all-inclusive-experience\\\/\"]}]},{\"@type\":\"ImageObject\",\"inLanguage\":\"de\",\"@id\":\"https:\\\/\\\/www.theixiangrand.gr\\\/de\\\/the-all-inclusive-experience\\\/#primaryimage\",\"url\":\"https:\\\/\\\/www.theixiangrand.gr\\\/app\\\/uploads\\\/sites\\\/105\\\/2022\\\/07\\\/VISAVIS2-1.jpg\",\"contentUrl\":\"https:\\\/\\\/www.theixiangrand.gr\\\/app\\\/uploads\\\/sites\\\/105\\\/2022\\\/07\\\/VISAVIS2-1.jpg\",\"width\":1920,\"height\":1280},{\"@type\":\"BreadcrumbList\",\"@id\":\"https:\\\/\\\/www.theixiangrand.gr\\\/de\\\/the-all-inclusive-experience\\\/#breadcrumb\",\"itemListElement\":[{\"@type\":\"ListItem\",\"position\":1,\"name\":\"Home\",\"item\":\"https:\\\/\\\/www.theixiangrand.gr\\\/de\\\/\"},{\"@type\":\"ListItem\",\"position\":2,\"name\":\"Das All-Inclusive-Erlebnis\"}]},{\"@type\":\"WebSite\",\"@id\":\"https:\\\/\\\/www.theixiangrand.gr\\\/de\\\/#website\",\"url\":\"https:\\\/\\\/www.theixiangrand.gr\\\/de\\\/\",\"name\":\"The Ixian Grand\",\"description\":\"Let&#039;s Shape your Ideas...\",\"publisher\":{\"@id\":\"https:\\\/\\\/www.theixiangrand.gr\\\/de\\\/#organization\"},\"potentialAction\":[{\"@type\":\"SearchAction\",\"target\":{\"@type\":\"EntryPoint\",\"urlTemplate\":\"https:\\\/\\\/www.theixiangrand.gr\\\/de\\\/?s={search_term_string}\"},\"query-input\":{\"@type\":\"PropertyValueSpecification\",\"valueRequired\":true,\"valueName\":\"search_term_string\"}}],\"inLanguage\":\"de\"},{\"@type\":\"Organization\",\"@id\":\"https:\\\/\\\/www.theixiangrand.gr\\\/de\\\/#organization\",\"name\":\"The Ixian Grand & All Suites\",\"url\":\"https:\\\/\\\/www.theixiangrand.gr\\\/de\\\/\",\"logo\":{\"@type\":\"ImageObject\",\"inLanguage\":\"de\",\"@id\":\"https:\\\/\\\/www.theixiangrand.gr\\\/de\\\/#\\\/schema\\\/logo\\\/image\\\/\",\"url\":\"https:\\\/\\\/www.theixiangrand.gr\\\/app\\\/uploads\\\/sites\\\/105\\\/2022\\\/09\\\/ms-icon-310x310-1.png\",\"contentUrl\":\"https:\\\/\\\/www.theixiangrand.gr\\\/app\\\/uploads\\\/sites\\\/105\\\/2022\\\/09\\\/ms-icon-310x310-1.png\",\"width\":310,\"height\":310,\"caption\":\"The Ixian Grand & All Suites\"},\"image\":{\"@id\":\"https:\\\/\\\/www.theixiangrand.gr\\\/de\\\/#\\\/schema\\\/logo\\\/image\\\/\"},\"sameAs\":[\"https:\\\/\\\/www.facebook.com\\\/TheIxianGrand.IxianAllSuites\\\/\",\"https:\\\/\\\/www.instagram.com\\\/theixiangrand\\\/\"]}]}<\/script>\n<!-- \/ Yoast SEO plugin. -->","yoast_head_json":{"title":"Das All-Inclusive-Erlebnis - The Ixian Grand & All Suites","robots":{"index":"index","follow":"follow","max-snippet":"max-snippet:-1","max-image-preview":"max-image-preview:large","max-video-preview":"max-video-preview:-1"},"canonical":"https:\/\/www.theixiangrand.gr\/de\/the-all-inclusive-experience\/","og_locale":"de_DE","og_type":"article","og_title":"Das All-Inclusive-Erlebnis - The Ixian Grand & All Suites","og_description":"Unsere Gastfreundschaftsphilosophie ist eine, die Ihnen Freiheit gibt, die es Ihnen erm\u00f6glicht, Ihren Impulsen zu folgen, die Ihnen das Gef\u00fchl gibt, im Mittelpunkt zu stehen und verw\u00f6hnt zu werden, und die es Ihnen erlaubt, absolut unbeschwert zu sein. Denn darum geht es doch im Urlaub. Wenn dies auch Ihre Vorstellung von einem idealen Urlaub ist,","og_url":"https:\/\/www.theixiangrand.gr\/de\/the-all-inclusive-experience\/","og_site_name":"The Ixian Grand","article_publisher":"https:\/\/www.facebook.com\/TheIxianGrand.IxianAllSuites\/","article_modified_time":"2024-01-29T07:54:39+00:00","og_image":[{"width":1920,"height":1280,"url":"https:\/\/www.theixiangrand.gr\/app\/uploads\/sites\/105\/2022\/07\/VISAVIS2-1.jpg","type":"image\/jpeg"}],"twitter_card":"summary_large_image","twitter_misc":{"Gesch\u00e4tzte Lesezeit":"1\u00a0Minute"},"schema":{"@context":"https:\/\/schema.org","@graph":[{"@type":"WebPage","@id":"https:\/\/www.theixiangrand.gr\/de\/the-all-inclusive-experience\/","url":"https:\/\/www.theixiangrand.gr\/de\/the-all-inclusive-experience\/","name":"Das All-Inclusive-Erlebnis - The Ixian Grand & All Suites","isPartOf":{"@id":"https:\/\/www.theixiangrand.gr\/de\/#website"},"primaryImageOfPage":{"@id":"https:\/\/www.theixiangrand.gr\/de\/the-all-inclusive-experience\/#primaryimage"},"image":{"@id":"https:\/\/www.theixiangrand.gr\/de\/the-all-inclusive-experience\/#primaryimage"},"thumbnailUrl":"https:\/\/www.theixiangrand.gr\/app\/uploads\/sites\/105\/2022\/07\/VISAVIS2-1.jpg","datePublished":"2022-08-03T10:52:50+00:00","dateModified":"2024-01-29T07:54:39+00:00","breadcrumb":{"@id":"https:\/\/www.theixiangrand.gr\/de\/the-all-inclusive-experience\/#breadcrumb"},"inLanguage":"de","potentialAction":[{"@type":"ReadAction","target":["https:\/\/www.theixiangrand.gr\/de\/the-all-inclusive-experience\/"]}]},{"@type":"ImageObject","inLanguage":"de","@id":"https:\/\/www.theixiangrand.gr\/de\/the-all-inclusive-experience\/#primaryimage","url":"https:\/\/www.theixiangrand.gr\/app\/uploads\/sites\/105\/2022\/07\/VISAVIS2-1.jpg","contentUrl":"https:\/\/www.theixiangrand.gr\/app\/uploads\/sites\/105\/2022\/07\/VISAVIS2-1.jpg","width":1920,"height":1280},{"@type":"BreadcrumbList","@id":"https:\/\/www.theixiangrand.gr\/de\/the-all-inclusive-experience\/#breadcrumb","itemListElement":[{"@type":"ListItem","position":1,"name":"Home","item":"https:\/\/www.theixiangrand.gr\/de\/"},{"@type":"ListItem","position":2,"name":"Das All-Inclusive-Erlebnis"}]},{"@type":"WebSite","@id":"https:\/\/www.theixiangrand.gr\/de\/#website","url":"https:\/\/www.theixiangrand.gr\/de\/","name":"The Ixian Grand","description":"Let&#039;s Shape your Ideas...","publisher":{"@id":"https:\/\/www.theixiangrand.gr\/de\/#organization"},"potentialAction":[{"@type":"SearchAction","target":{"@type":"EntryPoint","urlTemplate":"https:\/\/www.theixiangrand.gr\/de\/?s={search_term_string}"},"query-input":{"@type":"PropertyValueSpecification","valueRequired":true,"valueName":"search_term_string"}}],"inLanguage":"de"},{"@type":"Organization","@id":"https:\/\/www.theixiangrand.gr\/de\/#organization","name":"The Ixian Grand & All Suites","url":"https:\/\/www.theixiangrand.gr\/de\/","logo":{"@type":"ImageObject","inLanguage":"de","@id":"https:\/\/www.theixiangrand.gr\/de\/#\/schema\/logo\/image\/","url":"https:\/\/www.theixiangrand.gr\/app\/uploads\/sites\/105\/2022\/09\/ms-icon-310x310-1.png","contentUrl":"https:\/\/www.theixiangrand.gr\/app\/uploads\/sites\/105\/2022\/09\/ms-icon-310x310-1.png","width":310,"height":310,"caption":"The Ixian Grand & All Suites"},"image":{"@id":"https:\/\/www.theixiangrand.gr\/de\/#\/schema\/logo\/image\/"},"sameAs":["https:\/\/www.facebook.com\/TheIxianGrand.IxianAllSuites\/","https:\/\/www.instagram.com\/theixiangrand\/"]}]}},"_links":{"self":[{"href":"https:\/\/www.theixiangrand.gr\/de\/wp-json\/wp\/v2\/pages\/3698","targetHints":{"allow":["GET"]}}],"collection":[{"href":"https:\/\/www.theixiangrand.gr\/de\/wp-json\/wp\/v2\/pages"}],"about":[{"href":"https:\/\/www.theixiangrand.gr\/de\/wp-json\/wp\/v2\/types\/page"}],"author":[{"embeddable":true,"href":"https:\/\/www.theixiangrand.gr\/de\/wp-json\/wp\/v2\/users\/1"}],"replies":[{"embeddable":true,"href":"https:\/\/www.theixiangrand.gr\/de\/wp-json\/wp\/v2\/comments?post=3698"}],"version-history":[{"count":3,"href":"https:\/\/www.theixiangrand.gr\/de\/wp-json\/wp\/v2\/pages\/3698\/revisions"}],"predecessor-version":[{"id":4781,"href":"https:\/\/www.theixiangrand.gr\/de\/wp-json\/wp\/v2\/pages\/3698\/revisions\/4781"}],"wp:featuredmedia":[{"embeddable":true,"href":"https:\/\/www.theixiangrand.gr\/de\/wp-json\/wp\/v2\/media\/3118"}],"wp:attachment":[{"href":"https:\/\/www.theixiangrand.gr\/de\/wp-json\/wp\/v2\/media?parent=3698"}],"curies":[{"name":"wp","href":"https:\/\/api.w.org\/{rel}","templated":true}]}}