{"id":3692,"date":"2022-08-03T13:17:39","date_gmt":"2022-08-03T10:17:39","guid":{"rendered":"https:\/\/www.theixiangrand.gr\/?page_id=3692"},"modified":"2023-05-24T14:00:14","modified_gmt":"2023-05-24T11:00:14","slug":"reason-spacious-accommodation","status":"publish","type":"page","link":"https:\/\/www.theixiangrand.gr\/de\/reason-spacious-accommodation\/","title":{"rendered":"Grund &#8211; Ger\u00e4umige Unterkunft &amp; Meerblick"},"content":{"rendered":"\n<p>Eine Welt der k\u00f6stlichen Gastronomie erwartet Sie: entweder im Hauptrestaurant &#8222;Vis a Vis&#8220; mit einem reichhaltigen Buffet, im griechischen A-la-carte-Restaurant &#8222;Milonges&#8220; an den Pools oder in unserem neuen Zusatz, dem peruanischen A-la-carte-Restaurant &#8222;Muza Htista&#8220;&#8230; ein Bissen ist nie genug. Tage und N\u00e4chte im The Ixian Grand verbringen Sie am besten mit Freunden und Drinks: eine gro\u00dfe Auswahl an Getr\u00e4nken und Cocktails steht Ihnen zur Verf\u00fcgung Die Zimmer und Suiten im The Ixian Grand &amp; All Suites sind ger\u00e4umig, sorgf\u00e4ltig gestaltet und mit minimalem Stil und Ambiente eingerichtet. Genie\u00dfen Sie von Ihrem Balkon aus den freien Blick auf das Meer, oder f\u00fcr diejenigen, die lieber gr\u00fcn als blau m\u00f6gen: Unsere Garden View Zimmer werden Ihnen die Wahl erleichtern.<\/p>\n","protected":false},"excerpt":{"rendered":"<p>Eine Welt der k\u00f6stlichen Gastronomie erwartet Sie: entweder im Hauptrestaurant &#8222;Vis a Vis&#8220; mit einem reichhaltigen Buffet, im griechischen A-la-carte-Restaurant &#8222;Milonges&#8220; an den Pools oder in unserem neuen Zusatz, dem peruanischen A-la-carte-Restaurant &#8222;Muza Htista&#8220;&#8230; ein Bissen ist nie genug. Tage und N\u00e4chte im The Ixian Grand verbringen Sie am besten mit Freunden und Drinks: eine<\/p>\n","protected":false},"author":1,"featured_media":3210,"parent":0,"menu_order":0,"comment_status":"closed","ping_status":"closed","template":"","meta":{"_acf_changed":false,"footnotes":""},"class_list":["post-3692","page","type-page","status-publish","has-post-thumbnail","hentry"],"acf":[],"yoast_head":"<!-- This site is optimized with the Yoast SEO plugin v27.5 - https:\/\/yoast.com\/product\/yoast-seo-wordpress\/ -->\n<title>Grund - Ger\u00e4umige Unterkunft &amp; Meerblick - The Ixian Grand<\/title>\n<meta name=\"robots\" content=\"index, follow, max-snippet:-1, max-image-preview:large, max-video-preview:-1\" \/>\n<link rel=\"canonical\" href=\"https:\/\/www.theixiangrand.gr\/de\/reason-spacious-accommodation\/\" \/>\n<meta property=\"og:locale\" content=\"de_DE\" \/>\n<meta property=\"og:type\" content=\"article\" \/>\n<meta property=\"og:title\" content=\"Grund - Ger\u00e4umige Unterkunft &amp; Meerblick - The Ixian Grand\" \/>\n<meta property=\"og:description\" content=\"Eine Welt der k\u00f6stlichen Gastronomie erwartet Sie: entweder im Hauptrestaurant &#8222;Vis a Vis&#8220; mit einem reichhaltigen Buffet, im griechischen A-la-carte-Restaurant &#8222;Milonges&#8220; an den Pools oder in unserem neuen Zusatz, dem peruanischen A-la-carte-Restaurant &#8222;Muza Htista&#8220;&#8230; ein Bissen ist nie genug. Tage und N\u00e4chte im The Ixian Grand verbringen Sie am besten mit Freunden und Drinks: eine\" \/>\n<meta property=\"og:url\" content=\"https:\/\/www.theixiangrand.gr\/de\/reason-spacious-accommodation\/\" \/>\n<meta property=\"og:site_name\" content=\"The Ixian Grand\" \/>\n<meta property=\"article:publisher\" content=\"https:\/\/www.facebook.com\/TheIxianGrand.IxianAllSuites\/\" \/>\n<meta property=\"article:modified_time\" content=\"2023-05-24T11:00:14+00:00\" \/>\n<meta property=\"og:image\" content=\"https:\/\/www.theixiangrand.gr\/app\/uploads\/sites\/105\/2022\/07\/SSV7-1.jpg\" \/>\n\t<meta property=\"og:image:width\" content=\"1920\" \/>\n\t<meta property=\"og:image:height\" content=\"1433\" \/>\n\t<meta property=\"og:image:type\" content=\"image\/jpeg\" \/>\n<meta name=\"twitter:card\" content=\"summary_large_image\" \/>\n<meta name=\"twitter:label1\" content=\"Gesch\u00e4tzte Lesezeit\" \/>\n\t<meta name=\"twitter:data1\" content=\"1\u00a0Minute\" \/>\n<script type=\"application\/ld+json\" class=\"yoast-schema-graph\">{\"@context\":\"https:\\\/\\\/schema.org\",\"@graph\":[{\"@type\":\"WebPage\",\"@id\":\"https:\\\/\\\/www.theixiangrand.gr\\\/de\\\/reason-spacious-accommodation\\\/\",\"url\":\"https:\\\/\\\/www.theixiangrand.gr\\\/de\\\/reason-spacious-accommodation\\\/\",\"name\":\"Grund - Ger\u00e4umige Unterkunft &amp; Meerblick - The Ixian Grand\",\"isPartOf\":{\"@id\":\"https:\\\/\\\/www.theixiangrand.gr\\\/de\\\/#website\"},\"primaryImageOfPage\":{\"@id\":\"https:\\\/\\\/www.theixiangrand.gr\\\/de\\\/reason-spacious-accommodation\\\/#primaryimage\"},\"image\":{\"@id\":\"https:\\\/\\\/www.theixiangrand.gr\\\/de\\\/reason-spacious-accommodation\\\/#primaryimage\"},\"thumbnailUrl\":\"https:\\\/\\\/www.theixiangrand.gr\\\/app\\\/uploads\\\/sites\\\/105\\\/2022\\\/07\\\/SSV7-1.jpg\",\"datePublished\":\"2022-08-03T10:17:39+00:00\",\"dateModified\":\"2023-05-24T11:00:14+00:00\",\"breadcrumb\":{\"@id\":\"https:\\\/\\\/www.theixiangrand.gr\\\/de\\\/reason-spacious-accommodation\\\/#breadcrumb\"},\"inLanguage\":\"de\",\"potentialAction\":[{\"@type\":\"ReadAction\",\"target\":[\"https:\\\/\\\/www.theixiangrand.gr\\\/de\\\/reason-spacious-accommodation\\\/\"]}]},{\"@type\":\"ImageObject\",\"inLanguage\":\"de\",\"@id\":\"https:\\\/\\\/www.theixiangrand.gr\\\/de\\\/reason-spacious-accommodation\\\/#primaryimage\",\"url\":\"https:\\\/\\\/www.theixiangrand.gr\\\/app\\\/uploads\\\/sites\\\/105\\\/2022\\\/07\\\/SSV7-1.jpg\",\"contentUrl\":\"https:\\\/\\\/www.theixiangrand.gr\\\/app\\\/uploads\\\/sites\\\/105\\\/2022\\\/07\\\/SSV7-1.jpg\",\"width\":1920,\"height\":1433},{\"@type\":\"BreadcrumbList\",\"@id\":\"https:\\\/\\\/www.theixiangrand.gr\\\/de\\\/reason-spacious-accommodation\\\/#breadcrumb\",\"itemListElement\":[{\"@type\":\"ListItem\",\"position\":1,\"name\":\"Home\",\"item\":\"https:\\\/\\\/www.theixiangrand.gr\\\/de\\\/\"},{\"@type\":\"ListItem\",\"position\":2,\"name\":\"Grund &#8211; Ger\u00e4umige Unterkunft &amp; Meerblick\"}]},{\"@type\":\"WebSite\",\"@id\":\"https:\\\/\\\/www.theixiangrand.gr\\\/de\\\/#website\",\"url\":\"https:\\\/\\\/www.theixiangrand.gr\\\/de\\\/\",\"name\":\"The Ixian Grand\",\"description\":\"Let&#039;s Shape your Ideas...\",\"publisher\":{\"@id\":\"https:\\\/\\\/www.theixiangrand.gr\\\/de\\\/#organization\"},\"potentialAction\":[{\"@type\":\"SearchAction\",\"target\":{\"@type\":\"EntryPoint\",\"urlTemplate\":\"https:\\\/\\\/www.theixiangrand.gr\\\/de\\\/?s={search_term_string}\"},\"query-input\":{\"@type\":\"PropertyValueSpecification\",\"valueRequired\":true,\"valueName\":\"search_term_string\"}}],\"inLanguage\":\"de\"},{\"@type\":\"Organization\",\"@id\":\"https:\\\/\\\/www.theixiangrand.gr\\\/de\\\/#organization\",\"name\":\"The Ixian Grand & All Suites\",\"url\":\"https:\\\/\\\/www.theixiangrand.gr\\\/de\\\/\",\"logo\":{\"@type\":\"ImageObject\",\"inLanguage\":\"de\",\"@id\":\"https:\\\/\\\/www.theixiangrand.gr\\\/de\\\/#\\\/schema\\\/logo\\\/image\\\/\",\"url\":\"https:\\\/\\\/www.theixiangrand.gr\\\/app\\\/uploads\\\/sites\\\/105\\\/2022\\\/09\\\/ms-icon-310x310-1.png\",\"contentUrl\":\"https:\\\/\\\/www.theixiangrand.gr\\\/app\\\/uploads\\\/sites\\\/105\\\/2022\\\/09\\\/ms-icon-310x310-1.png\",\"width\":310,\"height\":310,\"caption\":\"The Ixian Grand & All Suites\"},\"image\":{\"@id\":\"https:\\\/\\\/www.theixiangrand.gr\\\/de\\\/#\\\/schema\\\/logo\\\/image\\\/\"},\"sameAs\":[\"https:\\\/\\\/www.facebook.com\\\/TheIxianGrand.IxianAllSuites\\\/\",\"https:\\\/\\\/www.instagram.com\\\/theixiangrand\\\/\"]}]}<\/script>\n<!-- \/ Yoast SEO plugin. -->","yoast_head_json":{"title":"Grund - Ger\u00e4umige Unterkunft &amp; Meerblick - The Ixian Grand","robots":{"index":"index","follow":"follow","max-snippet":"max-snippet:-1","max-image-preview":"max-image-preview:large","max-video-preview":"max-video-preview:-1"},"canonical":"https:\/\/www.theixiangrand.gr\/de\/reason-spacious-accommodation\/","og_locale":"de_DE","og_type":"article","og_title":"Grund - Ger\u00e4umige Unterkunft &amp; Meerblick - The Ixian Grand","og_description":"Eine Welt der k\u00f6stlichen Gastronomie erwartet Sie: entweder im Hauptrestaurant &#8222;Vis a Vis&#8220; mit einem reichhaltigen Buffet, im griechischen A-la-carte-Restaurant &#8222;Milonges&#8220; an den Pools oder in unserem neuen Zusatz, dem peruanischen A-la-carte-Restaurant &#8222;Muza Htista&#8220;&#8230; ein Bissen ist nie genug. Tage und N\u00e4chte im The Ixian Grand verbringen Sie am besten mit Freunden und Drinks: eine","og_url":"https:\/\/www.theixiangrand.gr\/de\/reason-spacious-accommodation\/","og_site_name":"The Ixian Grand","article_publisher":"https:\/\/www.facebook.com\/TheIxianGrand.IxianAllSuites\/","article_modified_time":"2023-05-24T11:00:14+00:00","og_image":[{"width":1920,"height":1433,"url":"https:\/\/www.theixiangrand.gr\/app\/uploads\/sites\/105\/2022\/07\/SSV7-1.jpg","type":"image\/jpeg"}],"twitter_card":"summary_large_image","twitter_misc":{"Gesch\u00e4tzte Lesezeit":"1\u00a0Minute"},"schema":{"@context":"https:\/\/schema.org","@graph":[{"@type":"WebPage","@id":"https:\/\/www.theixiangrand.gr\/de\/reason-spacious-accommodation\/","url":"https:\/\/www.theixiangrand.gr\/de\/reason-spacious-accommodation\/","name":"Grund - Ger\u00e4umige Unterkunft &amp; Meerblick - The Ixian Grand","isPartOf":{"@id":"https:\/\/www.theixiangrand.gr\/de\/#website"},"primaryImageOfPage":{"@id":"https:\/\/www.theixiangrand.gr\/de\/reason-spacious-accommodation\/#primaryimage"},"image":{"@id":"https:\/\/www.theixiangrand.gr\/de\/reason-spacious-accommodation\/#primaryimage"},"thumbnailUrl":"https:\/\/www.theixiangrand.gr\/app\/uploads\/sites\/105\/2022\/07\/SSV7-1.jpg","datePublished":"2022-08-03T10:17:39+00:00","dateModified":"2023-05-24T11:00:14+00:00","breadcrumb":{"@id":"https:\/\/www.theixiangrand.gr\/de\/reason-spacious-accommodation\/#breadcrumb"},"inLanguage":"de","potentialAction":[{"@type":"ReadAction","target":["https:\/\/www.theixiangrand.gr\/de\/reason-spacious-accommodation\/"]}]},{"@type":"ImageObject","inLanguage":"de","@id":"https:\/\/www.theixiangrand.gr\/de\/reason-spacious-accommodation\/#primaryimage","url":"https:\/\/www.theixiangrand.gr\/app\/uploads\/sites\/105\/2022\/07\/SSV7-1.jpg","contentUrl":"https:\/\/www.theixiangrand.gr\/app\/uploads\/sites\/105\/2022\/07\/SSV7-1.jpg","width":1920,"height":1433},{"@type":"BreadcrumbList","@id":"https:\/\/www.theixiangrand.gr\/de\/reason-spacious-accommodation\/#breadcrumb","itemListElement":[{"@type":"ListItem","position":1,"name":"Home","item":"https:\/\/www.theixiangrand.gr\/de\/"},{"@type":"ListItem","position":2,"name":"Grund &#8211; Ger\u00e4umige Unterkunft &amp; Meerblick"}]},{"@type":"WebSite","@id":"https:\/\/www.theixiangrand.gr\/de\/#website","url":"https:\/\/www.theixiangrand.gr\/de\/","name":"The Ixian Grand","description":"Let&#039;s Shape your Ideas...","publisher":{"@id":"https:\/\/www.theixiangrand.gr\/de\/#organization"},"potentialAction":[{"@type":"SearchAction","target":{"@type":"EntryPoint","urlTemplate":"https:\/\/www.theixiangrand.gr\/de\/?s={search_term_string}"},"query-input":{"@type":"PropertyValueSpecification","valueRequired":true,"valueName":"search_term_string"}}],"inLanguage":"de"},{"@type":"Organization","@id":"https:\/\/www.theixiangrand.gr\/de\/#organization","name":"The Ixian Grand & All Suites","url":"https:\/\/www.theixiangrand.gr\/de\/","logo":{"@type":"ImageObject","inLanguage":"de","@id":"https:\/\/www.theixiangrand.gr\/de\/#\/schema\/logo\/image\/","url":"https:\/\/www.theixiangrand.gr\/app\/uploads\/sites\/105\/2022\/09\/ms-icon-310x310-1.png","contentUrl":"https:\/\/www.theixiangrand.gr\/app\/uploads\/sites\/105\/2022\/09\/ms-icon-310x310-1.png","width":310,"height":310,"caption":"The Ixian Grand & All Suites"},"image":{"@id":"https:\/\/www.theixiangrand.gr\/de\/#\/schema\/logo\/image\/"},"sameAs":["https:\/\/www.facebook.com\/TheIxianGrand.IxianAllSuites\/","https:\/\/www.instagram.com\/theixiangrand\/"]}]}},"_links":{"self":[{"href":"https:\/\/www.theixiangrand.gr\/de\/wp-json\/wp\/v2\/pages\/3692","targetHints":{"allow":["GET"]}}],"collection":[{"href":"https:\/\/www.theixiangrand.gr\/de\/wp-json\/wp\/v2\/pages"}],"about":[{"href":"https:\/\/www.theixiangrand.gr\/de\/wp-json\/wp\/v2\/types\/page"}],"author":[{"embeddable":true,"href":"https:\/\/www.theixiangrand.gr\/de\/wp-json\/wp\/v2\/users\/1"}],"replies":[{"embeddable":true,"href":"https:\/\/www.theixiangrand.gr\/de\/wp-json\/wp\/v2\/comments?post=3692"}],"version-history":[{"count":1,"href":"https:\/\/www.theixiangrand.gr\/de\/wp-json\/wp\/v2\/pages\/3692\/revisions"}],"predecessor-version":[{"id":3695,"href":"https:\/\/www.theixiangrand.gr\/de\/wp-json\/wp\/v2\/pages\/3692\/revisions\/3695"}],"wp:featuredmedia":[{"embeddable":true,"href":"https:\/\/www.theixiangrand.gr\/de\/wp-json\/wp\/v2\/media\/3210"}],"wp:attachment":[{"href":"https:\/\/www.theixiangrand.gr\/de\/wp-json\/wp\/v2\/media?parent=3692"}],"curies":[{"name":"wp","href":"https:\/\/api.w.org\/{rel}","templated":true}]}}