{"id":3687,"date":"2022-06-23T14:31:44","date_gmt":"2022-06-23T11:31:44","guid":{"rendered":"https:\/\/www.theixiangrand.gr\/?page_id=3687"},"modified":"2025-05-26T09:58:54","modified_gmt":"2025-05-26T06:58:54","slug":"home","status":"publish","type":"page","link":"https:\/\/www.theixiangrand.gr\/de\/","title":{"rendered":"Startseite"},"content":{"rendered":"\n<p>Dessert Jujubes Haferkuchen Biskuitgeb\u00e4ck Tootsie-Rolle, die ich liebe. Lebkuchensouffl\u00e9 Apfelkuchen Gummib\u00e4rchen Donut-Kuchen Karottenkuchen Gelee-O Karamellen. Kekse Ich liebe Marzipanpulver als Topping f\u00fcr Marshmallow-Bonbons. Tootsie Roll Croissant Ich liebe Lollipop. Pudding-Dessert-Gummis Ich liebe Zitronendrops<\/p>\n","protected":false},"excerpt":{"rendered":"<p>Dessert Jujubes Haferkuchen Biskuitgeb\u00e4ck Tootsie-Rolle, die ich liebe. Lebkuchensouffl\u00e9 Apfelkuchen Gummib\u00e4rchen Donut-Kuchen Karottenkuchen Gelee-O Karamellen. Kekse Ich liebe Marzipanpulver als Topping f\u00fcr Marshmallow-Bonbons. Tootsie Roll Croissant Ich liebe Lollipop. Pudding-Dessert-Gummis Ich liebe Zitronendrops<\/p>\n","protected":false},"author":1,"featured_media":3174,"parent":0,"menu_order":0,"comment_status":"closed","ping_status":"closed","template":"","meta":{"_acf_changed":false,"footnotes":""},"class_list":["post-3687","page","type-page","status-publish","has-post-thumbnail","hentry"],"acf":[],"yoast_head":"<!-- This site is optimized with the Yoast SEO plugin v27.5 - https:\/\/yoast.com\/product\/yoast-seo-wordpress\/ -->\n<title>The Ixian Grand &amp; All Suites | 5-Sterne-Resort nur f\u00fcr Erwachsene Ixia, Rhodos<\/title>\n<meta name=\"description\" content=\"Ein 5*-Luxusresort nur f\u00fcr Erwachsene an der Westk\u00fcste der Insel Rhodos, direkt am Strand von Ixia.\" \/>\n<meta name=\"robots\" content=\"index, follow, max-snippet:-1, max-image-preview:large, max-video-preview:-1\" \/>\n<link rel=\"canonical\" href=\"https:\/\/www.theixiangrand.gr\/de\/\" \/>\n<meta property=\"og:locale\" content=\"de_DE\" \/>\n<meta property=\"og:type\" content=\"article\" \/>\n<meta property=\"og:title\" content=\"The Ixian Grand &amp; All Suites | 5-Sterne-Resort nur f\u00fcr Erwachsene Ixia, Rhodos\" \/>\n<meta property=\"og:description\" content=\"Ein 5*-Luxusresort nur f\u00fcr Erwachsene an der Westk\u00fcste der Insel Rhodos, direkt am Strand von Ixia.\" \/>\n<meta property=\"og:url\" content=\"https:\/\/www.theixiangrand.gr\/de\/\" \/>\n<meta property=\"og:site_name\" content=\"The Ixian Grand\" \/>\n<meta property=\"article:publisher\" content=\"https:\/\/www.facebook.com\/TheIxianGrand.IxianAllSuites\/\" \/>\n<meta property=\"article:modified_time\" content=\"2025-05-26T06:58:54+00:00\" \/>\n<meta property=\"og:image\" content=\"https:\/\/www.theixiangrand.gr\/app\/uploads\/sites\/105\/2022\/07\/BEACHFRONT-SUITES.jpg\" \/>\n\t<meta property=\"og:image:width\" content=\"1920\" \/>\n\t<meta property=\"og:image:height\" content=\"1079\" \/>\n\t<meta property=\"og:image:type\" content=\"image\/jpeg\" \/>\n<meta name=\"twitter:card\" content=\"summary_large_image\" \/>\n<meta name=\"twitter:label1\" content=\"Gesch\u00e4tzte Lesezeit\" \/>\n\t<meta name=\"twitter:data1\" content=\"1\u00a0Minute\" \/>\n<script type=\"application\/ld+json\" class=\"yoast-schema-graph\">{\"@context\":\"https:\\\/\\\/schema.org\",\"@graph\":[{\"@type\":\"WebPage\",\"@id\":\"https:\\\/\\\/www.theixiangrand.gr\\\/de\\\/\",\"url\":\"https:\\\/\\\/www.theixiangrand.gr\\\/de\\\/\",\"name\":\"The Ixian Grand & All Suites | 5-Sterne-Resort nur f\u00fcr Erwachsene Ixia, Rhodos\",\"isPartOf\":{\"@id\":\"https:\\\/\\\/www.theixiangrand.gr\\\/de\\\/#website\"},\"primaryImageOfPage\":{\"@id\":\"https:\\\/\\\/www.theixiangrand.gr\\\/de\\\/#primaryimage\"},\"image\":{\"@id\":\"https:\\\/\\\/www.theixiangrand.gr\\\/de\\\/#primaryimage\"},\"thumbnailUrl\":\"https:\\\/\\\/www.theixiangrand.gr\\\/app\\\/uploads\\\/sites\\\/105\\\/2022\\\/07\\\/BEACHFRONT-SUITES.jpg\",\"datePublished\":\"2022-06-23T11:31:44+00:00\",\"dateModified\":\"2025-05-26T06:58:54+00:00\",\"description\":\"Ein 5*-Luxusresort nur f\u00fcr Erwachsene an der Westk\u00fcste der Insel Rhodos, direkt am Strand von Ixia.\",\"breadcrumb\":{\"@id\":\"https:\\\/\\\/www.theixiangrand.gr\\\/de\\\/#breadcrumb\"},\"inLanguage\":\"de\",\"potentialAction\":[{\"@type\":\"ReadAction\",\"target\":[\"https:\\\/\\\/www.theixiangrand.gr\\\/de\\\/\"]}]},{\"@type\":\"ImageObject\",\"inLanguage\":\"de\",\"@id\":\"https:\\\/\\\/www.theixiangrand.gr\\\/de\\\/#primaryimage\",\"url\":\"https:\\\/\\\/www.theixiangrand.gr\\\/app\\\/uploads\\\/sites\\\/105\\\/2022\\\/07\\\/BEACHFRONT-SUITES.jpg\",\"contentUrl\":\"https:\\\/\\\/www.theixiangrand.gr\\\/app\\\/uploads\\\/sites\\\/105\\\/2022\\\/07\\\/BEACHFRONT-SUITES.jpg\",\"width\":1920,\"height\":1079},{\"@type\":\"BreadcrumbList\",\"@id\":\"https:\\\/\\\/www.theixiangrand.gr\\\/de\\\/#breadcrumb\",\"itemListElement\":[{\"@type\":\"ListItem\",\"position\":1,\"name\":\"Home\",\"item\":\"https:\\\/\\\/www.theixiangrand.gr\\\/de\\\/\"},{\"@type\":\"ListItem\",\"position\":2,\"name\":\"Startseite\"}]},{\"@type\":\"WebSite\",\"@id\":\"https:\\\/\\\/www.theixiangrand.gr\\\/de\\\/#website\",\"url\":\"https:\\\/\\\/www.theixiangrand.gr\\\/de\\\/\",\"name\":\"The Ixian Grand\",\"description\":\"Let&#039;s Shape your Ideas...\",\"publisher\":{\"@id\":\"https:\\\/\\\/www.theixiangrand.gr\\\/de\\\/#organization\"},\"potentialAction\":[{\"@type\":\"SearchAction\",\"target\":{\"@type\":\"EntryPoint\",\"urlTemplate\":\"https:\\\/\\\/www.theixiangrand.gr\\\/de\\\/?s={search_term_string}\"},\"query-input\":{\"@type\":\"PropertyValueSpecification\",\"valueRequired\":true,\"valueName\":\"search_term_string\"}}],\"inLanguage\":\"de\"},{\"@type\":\"Organization\",\"@id\":\"https:\\\/\\\/www.theixiangrand.gr\\\/de\\\/#organization\",\"name\":\"The Ixian Grand & All Suites\",\"url\":\"https:\\\/\\\/www.theixiangrand.gr\\\/de\\\/\",\"logo\":{\"@type\":\"ImageObject\",\"inLanguage\":\"de\",\"@id\":\"https:\\\/\\\/www.theixiangrand.gr\\\/de\\\/#\\\/schema\\\/logo\\\/image\\\/\",\"url\":\"https:\\\/\\\/www.theixiangrand.gr\\\/app\\\/uploads\\\/sites\\\/105\\\/2022\\\/09\\\/ms-icon-310x310-1.png\",\"contentUrl\":\"https:\\\/\\\/www.theixiangrand.gr\\\/app\\\/uploads\\\/sites\\\/105\\\/2022\\\/09\\\/ms-icon-310x310-1.png\",\"width\":310,\"height\":310,\"caption\":\"The Ixian Grand & All Suites\"},\"image\":{\"@id\":\"https:\\\/\\\/www.theixiangrand.gr\\\/de\\\/#\\\/schema\\\/logo\\\/image\\\/\"},\"sameAs\":[\"https:\\\/\\\/www.facebook.com\\\/TheIxianGrand.IxianAllSuites\\\/\",\"https:\\\/\\\/www.instagram.com\\\/theixiangrand\\\/\"]}]}<\/script>\n<!-- \/ Yoast SEO plugin. -->","yoast_head_json":{"title":"The Ixian Grand & All Suites | 5-Sterne-Resort nur f\u00fcr Erwachsene Ixia, Rhodos","description":"Ein 5*-Luxusresort nur f\u00fcr Erwachsene an der Westk\u00fcste der Insel Rhodos, direkt am Strand von Ixia.","robots":{"index":"index","follow":"follow","max-snippet":"max-snippet:-1","max-image-preview":"max-image-preview:large","max-video-preview":"max-video-preview:-1"},"canonical":"https:\/\/www.theixiangrand.gr\/de\/","og_locale":"de_DE","og_type":"article","og_title":"The Ixian Grand & All Suites | 5-Sterne-Resort nur f\u00fcr Erwachsene Ixia, Rhodos","og_description":"Ein 5*-Luxusresort nur f\u00fcr Erwachsene an der Westk\u00fcste der Insel Rhodos, direkt am Strand von Ixia.","og_url":"https:\/\/www.theixiangrand.gr\/de\/","og_site_name":"The Ixian Grand","article_publisher":"https:\/\/www.facebook.com\/TheIxianGrand.IxianAllSuites\/","article_modified_time":"2025-05-26T06:58:54+00:00","og_image":[{"width":1920,"height":1079,"url":"https:\/\/www.theixiangrand.gr\/app\/uploads\/sites\/105\/2022\/07\/BEACHFRONT-SUITES.jpg","type":"image\/jpeg"}],"twitter_card":"summary_large_image","twitter_misc":{"Gesch\u00e4tzte Lesezeit":"1\u00a0Minute"},"schema":{"@context":"https:\/\/schema.org","@graph":[{"@type":"WebPage","@id":"https:\/\/www.theixiangrand.gr\/de\/","url":"https:\/\/www.theixiangrand.gr\/de\/","name":"The Ixian Grand & All Suites | 5-Sterne-Resort nur f\u00fcr Erwachsene Ixia, Rhodos","isPartOf":{"@id":"https:\/\/www.theixiangrand.gr\/de\/#website"},"primaryImageOfPage":{"@id":"https:\/\/www.theixiangrand.gr\/de\/#primaryimage"},"image":{"@id":"https:\/\/www.theixiangrand.gr\/de\/#primaryimage"},"thumbnailUrl":"https:\/\/www.theixiangrand.gr\/app\/uploads\/sites\/105\/2022\/07\/BEACHFRONT-SUITES.jpg","datePublished":"2022-06-23T11:31:44+00:00","dateModified":"2025-05-26T06:58:54+00:00","description":"Ein 5*-Luxusresort nur f\u00fcr Erwachsene an der Westk\u00fcste der Insel Rhodos, direkt am Strand von Ixia.","breadcrumb":{"@id":"https:\/\/www.theixiangrand.gr\/de\/#breadcrumb"},"inLanguage":"de","potentialAction":[{"@type":"ReadAction","target":["https:\/\/www.theixiangrand.gr\/de\/"]}]},{"@type":"ImageObject","inLanguage":"de","@id":"https:\/\/www.theixiangrand.gr\/de\/#primaryimage","url":"https:\/\/www.theixiangrand.gr\/app\/uploads\/sites\/105\/2022\/07\/BEACHFRONT-SUITES.jpg","contentUrl":"https:\/\/www.theixiangrand.gr\/app\/uploads\/sites\/105\/2022\/07\/BEACHFRONT-SUITES.jpg","width":1920,"height":1079},{"@type":"BreadcrumbList","@id":"https:\/\/www.theixiangrand.gr\/de\/#breadcrumb","itemListElement":[{"@type":"ListItem","position":1,"name":"Home","item":"https:\/\/www.theixiangrand.gr\/de\/"},{"@type":"ListItem","position":2,"name":"Startseite"}]},{"@type":"WebSite","@id":"https:\/\/www.theixiangrand.gr\/de\/#website","url":"https:\/\/www.theixiangrand.gr\/de\/","name":"The Ixian Grand","description":"Let&#039;s Shape your Ideas...","publisher":{"@id":"https:\/\/www.theixiangrand.gr\/de\/#organization"},"potentialAction":[{"@type":"SearchAction","target":{"@type":"EntryPoint","urlTemplate":"https:\/\/www.theixiangrand.gr\/de\/?s={search_term_string}"},"query-input":{"@type":"PropertyValueSpecification","valueRequired":true,"valueName":"search_term_string"}}],"inLanguage":"de"},{"@type":"Organization","@id":"https:\/\/www.theixiangrand.gr\/de\/#organization","name":"The Ixian Grand & All Suites","url":"https:\/\/www.theixiangrand.gr\/de\/","logo":{"@type":"ImageObject","inLanguage":"de","@id":"https:\/\/www.theixiangrand.gr\/de\/#\/schema\/logo\/image\/","url":"https:\/\/www.theixiangrand.gr\/app\/uploads\/sites\/105\/2022\/09\/ms-icon-310x310-1.png","contentUrl":"https:\/\/www.theixiangrand.gr\/app\/uploads\/sites\/105\/2022\/09\/ms-icon-310x310-1.png","width":310,"height":310,"caption":"The Ixian Grand & All Suites"},"image":{"@id":"https:\/\/www.theixiangrand.gr\/de\/#\/schema\/logo\/image\/"},"sameAs":["https:\/\/www.facebook.com\/TheIxianGrand.IxianAllSuites\/","https:\/\/www.instagram.com\/theixiangrand\/"]}]}},"_links":{"self":[{"href":"https:\/\/www.theixiangrand.gr\/de\/wp-json\/wp\/v2\/pages\/3687","targetHints":{"allow":["GET"]}}],"collection":[{"href":"https:\/\/www.theixiangrand.gr\/de\/wp-json\/wp\/v2\/pages"}],"about":[{"href":"https:\/\/www.theixiangrand.gr\/de\/wp-json\/wp\/v2\/types\/page"}],"author":[{"embeddable":true,"href":"https:\/\/www.theixiangrand.gr\/de\/wp-json\/wp\/v2\/users\/1"}],"replies":[{"embeddable":true,"href":"https:\/\/www.theixiangrand.gr\/de\/wp-json\/wp\/v2\/comments?post=3687"}],"version-history":[{"count":6,"href":"https:\/\/www.theixiangrand.gr\/de\/wp-json\/wp\/v2\/pages\/3687\/revisions"}],"predecessor-version":[{"id":5356,"href":"https:\/\/www.theixiangrand.gr\/de\/wp-json\/wp\/v2\/pages\/3687\/revisions\/5356"}],"wp:featuredmedia":[{"embeddable":true,"href":"https:\/\/www.theixiangrand.gr\/de\/wp-json\/wp\/v2\/media\/3174"}],"wp:attachment":[{"href":"https:\/\/www.theixiangrand.gr\/de\/wp-json\/wp\/v2\/media?parent=3687"}],"curies":[{"name":"wp","href":"https:\/\/api.w.org\/{rel}","templated":true}]}}